{"id":3091,"date":"2020-06-03T17:25:55","date_gmt":"2020-06-03T20:25:55","guid":{"rendered":"https:\/\/www.livrariarema.com.br\/loja\/?page_id=3091"},"modified":"2024-10-15T16:43:01","modified_gmt":"2024-10-15T19:43:01","slug":"como-comprar","status":"publish","type":"page","link":"https:\/\/www.livrariarema.com.br\/loja\/como-comprar\/","title":{"rendered":"Como Comprar"},"content":{"rendered":"\t\t<div data-elementor-type=\"wp-page\" data-elementor-id=\"3091\" class=\"elementor elementor-3091\">\n\t\t\t\t\t\t<div class=\"elementor-inner\">\n\t\t\t\t<div class=\"elementor-section-wrap\">\n\t\t\t\t\t\t\t\t\t<section class=\"elementor-section elementor-top-section elementor-element elementor-element-1c83331 elementor-section-full_width elementor-section-height-default elementor-section-height-default\" data-id=\"1c83331\" data-element_type=\"section\">\n\t\t\t\t\t\t<div class=\"elementor-container elementor-column-gap-default\">\n\t\t\t\t\t\t\t<div class=\"elementor-row\">\n\t\t\t\t\t<div class=\"elementor-column elementor-col-100 elementor-top-column elementor-element elementor-element-f1a240a\" data-id=\"f1a240a\" data-element_type=\"column\">\n\t\t\t<div class=\"elementor-column-wrap elementor-element-populated\">\n\t\t\t\t\t\t\t<div class=\"elementor-widget-wrap\">\n\t\t\t\t\t\t<div class=\"elementor-element elementor-element-d9f9d46 elementor-widget elementor-widget-text-editor\" data-id=\"d9f9d46\" data-element_type=\"widget\" data-widget_type=\"text-editor.default\">\n\t\t\t\t<div class=\"elementor-widget-container\">\n\t\t\t\t\t\t\t\t<div class=\"elementor-text-editor elementor-clearfix\">\n\t\t\t\t<p>O site livrariarema.com.br \u00e9 o site da loja virtual da Livraria Evang\u00e9lica Rema, nela est\u00e3o \u00e0 disposi\u00e7\u00e3o milhares de produtos aos clientes que desejarem comprar com mais comodidade, praticidade e seguran\u00e7a, sem sair de casa.<\/p>\n<h4>Localizar um Produto<\/h4>\n<p>Voc\u00ea consegue encontrar produtos no site de v\u00e1rias formas, podendo selecionar o tipo de produto na barra superior, navegando pelas op\u00e7\u00f5es ou caso j\u00e1 saiba qual produto deseja, basta procura-lo no campo de Busca.<\/p>\n<h4>Carrinho de Compras<\/h4>\n<p>Todos os produtos que voc\u00ea gostar e quiser adquirir, s\u00e3o colocados no seu carrinho de compras, que funciona como um carrinho de supermercado.<\/p>\n<p>\u00c9 no carrinho de compras que voc\u00ea informa a quantidade desejada de cada produto e verifica todos os itens escolhidos, podendo remover alguns antes de passar no caixa ou ainda selecionar novos produtos.<\/p>\n<p>O acesso ao seu carrinho de compras ser\u00e1 poss\u00edvel ap\u00f3s voc\u00ea escolher o primeiro produto e clicar em &#8220;Adicionar ao Carrinho&#8221;.<\/p>\n<h4>Uso do Cart\u00e3o de Cr\u00e9dito<\/h4>\n<p>O pagamento com cart\u00e3o pode ser feito atrav\u00e9s de nosso parceiro de cobran\u00e7a PayPal.<\/p>\n<h4>Pagamento por PIX<\/h4>\n<p>Caso opte por pagamento por PIX ao inv\u00e9s de cart\u00e3o de cr\u00e9dito, o nosso site est\u00e1 apto a gerar um QR-Code para facilitar o pagamento e a identifica\u00e7\u00e3o do mesmo em nosso banco.<\/p>\t\t\t\t\t<\/div>\n\t\t\t\t\t\t<\/div>\n\t\t\t\t<\/div>\n\t\t\t\t\t\t<\/div>\n\t\t\t\t\t<\/div>\n\t\t<\/div>\n\t\t\t\t\t\t\t\t<\/div>\n\t\t\t\t\t<\/div>\n\t\t<\/section>\n\t\t\t\t\t\t\t\t\t<\/div>\n\t\t\t<\/div>\n\t\t\t\t\t<\/div>\n\t\t","protected":false},"excerpt":{"rendered":"<p>O site livrariarema.com.br \u00e9 o site da loja virtual da Livraria Evang\u00e9lica Rema, nela est\u00e3o \u00e0 disposi\u00e7\u00e3o milhares de produtos&hellip;<\/p>\n","protected":false},"author":1,"featured_media":0,"parent":0,"menu_order":0,"comment_status":"closed","ping_status":"closed","template":"","meta":[],"_links":{"self":[{"href":"https:\/\/www.livrariarema.com.br\/loja\/wp-json\/wp\/v2\/pages\/3091"}],"collection":[{"href":"https:\/\/www.livrariarema.com.br\/loja\/wp-json\/wp\/v2\/pages"}],"about":[{"href":"https:\/\/www.livrariarema.com.br\/loja\/wp-json\/wp\/v2\/types\/page"}],"author":[{"embeddable":true,"href":"https:\/\/www.livrariarema.com.br\/loja\/wp-json\/wp\/v2\/users\/1"}],"replies":[{"embeddable":true,"href":"https:\/\/www.livrariarema.com.br\/loja\/wp-json\/wp\/v2\/comments?post=3091"}],"version-history":[{"count":9,"href":"https:\/\/www.livrariarema.com.br\/loja\/wp-json\/wp\/v2\/pages\/3091\/revisions"}],"predecessor-version":[{"id":320181,"href":"https:\/\/www.livrariarema.com.br\/loja\/wp-json\/wp\/v2\/pages\/3091\/revisions\/320181"}],"wp:attachment":[{"href":"https:\/\/www.livrariarema.com.br\/loja\/wp-json\/wp\/v2\/media?parent=3091"}],"curies":[{"name":"wp","href":"https:\/\/api.w.org\/{rel}","templated":true}]}}