{"id":100913,"date":"2021-08-25T16:12:11","date_gmt":"2021-08-25T19:12:11","guid":{"rendered":"https:\/\/www.livrariarema.com.br\/loja\/produtos\/sem categoria\/porta-xicaras-madeira-cantinho-do-cafe\/"},"modified":"2021-08-25T17:17:22","modified_gmt":"2021-08-25T20:17:22","slug":"porta-xicaras-madeira-cantinho-do-cafe","status":"publish","type":"product","link":"https:\/\/www.livrariarema.com.br\/loja\/produtos\/diversos\/decoracao\/porta-xicaras-madeira-cantinho-do-cafe\/","title":{"rendered":"PORTA XICARAS MADEIRA &#8211; CANTINHO DO CAFE"},"content":{"rendered":"<p>Quem aprecia um bom caf\u00e9 vai amar nosso Porta X\u00edcaras de Madeira. Com espa\u00e7o para 6 x\u00edcaras\/canecas, \u00e9 um excelente item de decora\u00e7\u00e3o para sua cozinha ou seu<br \/>\ncantinho do caf\u00e9!<\/p>\n<p>Caracter\u00edsticas:<br \/>\nAltura: 33 cm<br \/>\nComprimento: 30 cm<br \/>\nLargura: 3 cm<\/p>\n<p>Cuidados:<br \/>\nLimpar apenas com pano \u00famido<br \/>\nN\u00e3o usar produtos qu\u00edmicos ou abrasivos<br \/>\nChoques ou quedas podem danific\u00e1-lo<\/p>\n","protected":false},"excerpt":{"rendered":"<p>Quem aprecia um bom caf\u00e9 vai amar nosso Porta X\u00edcaras de Madeira. Com espa\u00e7o para 6 x\u00edcaras\/canecas, \u00e9 um excelente&hellip;<\/p>\n","protected":false},"featured_media":100959,"comment_status":"open","ping_status":"closed","template":"","meta":[],"product_cat":[255,132],"product_tag":[],"_links":{"self":[{"href":"https:\/\/www.livrariarema.com.br\/loja\/wp-json\/wp\/v2\/product\/100913"}],"collection":[{"href":"https:\/\/www.livrariarema.com.br\/loja\/wp-json\/wp\/v2\/product"}],"about":[{"href":"https:\/\/www.livrariarema.com.br\/loja\/wp-json\/wp\/v2\/types\/product"}],"replies":[{"embeddable":true,"href":"https:\/\/www.livrariarema.com.br\/loja\/wp-json\/wp\/v2\/comments?post=100913"}],"wp:featuredmedia":[{"embeddable":true,"href":"https:\/\/www.livrariarema.com.br\/loja\/wp-json\/wp\/v2\/media\/100959"}],"wp:attachment":[{"href":"https:\/\/www.livrariarema.com.br\/loja\/wp-json\/wp\/v2\/media?parent=100913"}],"wp:term":[{"taxonomy":"product_cat","embeddable":true,"href":"https:\/\/www.livrariarema.com.br\/loja\/wp-json\/wp\/v2\/product_cat?post=100913"},{"taxonomy":"product_tag","embeddable":true,"href":"https:\/\/www.livrariarema.com.br\/loja\/wp-json\/wp\/v2\/product_tag?post=100913"}],"curies":[{"name":"wp","href":"https:\/\/api.w.org\/{rel}","templated":true}]}}