{"id":101113,"date":"2021-08-27T11:31:13","date_gmt":"2021-08-27T14:31:13","guid":{"rendered":"https:\/\/www.livrariarema.com.br\/loja\/produtos\/sem%20categoria\/sermoes-de-spurgeon-sobre-o-sermao-do-monte-c-h-spurgeon\/"},"modified":"2025-12-30T10:11:14","modified_gmt":"2025-12-30T13:11:14","slug":"sermoes-de-spurgeon-sobre-o-sermao-do-monte-c-h-spurgeon","status":"publish","type":"product","link":"https:\/\/www.livrariarema.com.br\/loja\/produtos\/livros\/sermoes-esbocos\/sermoes-de-spurgeon-sobre-o-sermao-do-monte-c-h-spurgeon\/","title":{"rendered":"Serm\u00f5es De Spurgeon Sobre O Serm\u00e3o Do Monte &#8211; C. H. Spurgeon"},"content":{"rendered":"<p>Serm\u00f5es de Spurgeon sobre o Serm\u00e3o do Monte cont\u00e9m 13 prega\u00e7\u00f5es especialmente selecionadas que trazem extraordin\u00e1rias considera\u00e7\u00f5es sobre os temas abordados por Jesus, o Mestre dos mestres, o Pregador dos pregadores, neste que \u00e9 Seu primeiro serm\u00e3o p\u00fablico e considerado aquele que lan\u00e7ou os fundamentos do cristianismo.<\/p>\n","protected":false},"excerpt":{"rendered":"<p>Serm\u00f5es de Spurgeon sobre o Serm\u00e3o do Monte cont\u00e9m 13 prega\u00e7\u00f5es especialmente selecionadas que trazem extraordin\u00e1rias considera\u00e7\u00f5es sobre os temas&hellip;<\/p>\n","protected":false},"featured_media":338755,"comment_status":"open","ping_status":"closed","template":"","meta":[],"product_cat":[134,195],"product_tag":[],"_links":{"self":[{"href":"https:\/\/www.livrariarema.com.br\/loja\/wp-json\/wp\/v2\/product\/101113"}],"collection":[{"href":"https:\/\/www.livrariarema.com.br\/loja\/wp-json\/wp\/v2\/product"}],"about":[{"href":"https:\/\/www.livrariarema.com.br\/loja\/wp-json\/wp\/v2\/types\/product"}],"replies":[{"embeddable":true,"href":"https:\/\/www.livrariarema.com.br\/loja\/wp-json\/wp\/v2\/comments?post=101113"}],"wp:featuredmedia":[{"embeddable":true,"href":"https:\/\/www.livrariarema.com.br\/loja\/wp-json\/wp\/v2\/media\/338755"}],"wp:attachment":[{"href":"https:\/\/www.livrariarema.com.br\/loja\/wp-json\/wp\/v2\/media?parent=101113"}],"wp:term":[{"taxonomy":"product_cat","embeddable":true,"href":"https:\/\/www.livrariarema.com.br\/loja\/wp-json\/wp\/v2\/product_cat?post=101113"},{"taxonomy":"product_tag","embeddable":true,"href":"https:\/\/www.livrariarema.com.br\/loja\/wp-json\/wp\/v2\/product_tag?post=101113"}],"curies":[{"name":"wp","href":"https:\/\/api.w.org\/{rel}","templated":true}]}}