{"id":101168,"date":"2021-08-27T11:33:05","date_gmt":"2021-08-27T14:33:05","guid":{"rendered":"https:\/\/www.livrariarema.com.br\/loja\/produtos\/sem%20categoria\/refugio-secreto-corrie-ten-boom-elizabeth-e-john-sherril-2\/"},"modified":"2026-03-11T16:30:38","modified_gmt":"2026-03-11T19:30:38","slug":"refugio-secreto-corrie-ten-boom-elizabeth-e-john-sherril-2","status":"publish","type":"product","link":"https:\/\/www.livrariarema.com.br\/loja\/produtos\/livros\/biografia\/refugio-secreto-corrie-ten-boom-elizabeth-e-john-sherril-2\/","title":{"rendered":"Refugio Secreto &#8211; Corrie Ten Boom &#8211; Elizabeth E John Sherril"},"content":{"rendered":"<p>A hist\u00f3ria ver\u00eddica de como uma fam\u00edlia holandesa arrisca sua vida para esconder judeus durante a Segunda Guerra Mundial \u00e9 vividamente registrada neste livro. Como membros do movimento de Resist\u00eancia, Corrie ten Boom, seu pai e sua irm\u00e3 foram enviados aos campos de concentra\u00e7\u00e3o nazistas onde seu aprendizado sobre a gra\u00e7a divina foi o sustent\u00e1culo durante os anos de prova\u00e7\u00e3o. Emocionante! Nesta edi\u00e7\u00e3o ainda pode-se encontrar um ap\u00eandice que narra o desenvolvimento do minist\u00e9rio de Corrie ap\u00f3s o fim da guerra e todo o hist\u00f3rico de sua fam\u00edlia.<\/p>\n","protected":false},"excerpt":{"rendered":"<p>A hist\u00f3ria ver\u00eddica de como uma fam\u00edlia holandesa arrisca sua vida para esconder judeus durante a Segunda Guerra Mundial \u00e9&hellip;<\/p>\n","protected":false},"featured_media":338746,"comment_status":"open","ping_status":"closed","template":"","meta":[],"product_cat":[181,134],"product_tag":[],"_links":{"self":[{"href":"https:\/\/www.livrariarema.com.br\/loja\/wp-json\/wp\/v2\/product\/101168"}],"collection":[{"href":"https:\/\/www.livrariarema.com.br\/loja\/wp-json\/wp\/v2\/product"}],"about":[{"href":"https:\/\/www.livrariarema.com.br\/loja\/wp-json\/wp\/v2\/types\/product"}],"replies":[{"embeddable":true,"href":"https:\/\/www.livrariarema.com.br\/loja\/wp-json\/wp\/v2\/comments?post=101168"}],"wp:featuredmedia":[{"embeddable":true,"href":"https:\/\/www.livrariarema.com.br\/loja\/wp-json\/wp\/v2\/media\/338746"}],"wp:attachment":[{"href":"https:\/\/www.livrariarema.com.br\/loja\/wp-json\/wp\/v2\/media?parent=101168"}],"wp:term":[{"taxonomy":"product_cat","embeddable":true,"href":"https:\/\/www.livrariarema.com.br\/loja\/wp-json\/wp\/v2\/product_cat?post=101168"},{"taxonomy":"product_tag","embeddable":true,"href":"https:\/\/www.livrariarema.com.br\/loja\/wp-json\/wp\/v2\/product_tag?post=101168"}],"curies":[{"name":"wp","href":"https:\/\/api.w.org\/{rel}","templated":true}]}}