{"id":101182,"date":"2021-08-27T11:33:30","date_gmt":"2021-08-27T14:33:30","guid":{"rendered":"https:\/\/www.livrariarema.com.br\/loja\/produtos\/sem%20categoria\/o-livro-dos-martires-ed-luxo-com-imagens-john-foxe\/"},"modified":"2026-02-11T09:21:32","modified_gmt":"2026-02-11T12:21:32","slug":"o-livro-dos-martires-ed-luxo-com-imagens-john-foxe","status":"publish","type":"product","link":"https:\/\/www.livrariarema.com.br\/loja\/produtos\/livros\/biografia\/o-livro-dos-martires-ed-luxo-com-imagens-john-foxe\/","title":{"rendered":"O Livro Dos M\u00e1rtires &#8211; Ed. Luxo Com Imagens &#8211; John Foxe"},"content":{"rendered":"<p>O livro dos m\u00e1rtires vem influenciando gera\u00e7\u00f5es de crist\u00e3os protestantes desde que foi publicado no s\u00e9culo 16. Suas p\u00e1ginas narram a dram\u00e1tica hist\u00f3ria de um dos mais comoventes per\u00edodos da trajet\u00f3ria da Igreja. Nesta vers\u00e3o ampliada, que inclui relatos dos s\u00e9culos 17 a 19, o autor traz vida aos dias em que &#8220;um nobre ex\u00e9rcito &#8211; homens e meninos, as m\u00e3es de fam\u00edlia e as empregadas &#8211; [.] subiram a \u00edngreme ladeira do c\u00e9u, em meio a perigo, labuta e dor&#8221;. Esta edi\u00e7\u00e3o vem belamente ilustrada por pinturas famosas, gravuras de edi\u00e7\u00f5es passadas deste e de outros livros hist\u00f3ricos, al\u00e9m de fotografias. Tudo isso para tornar a experi\u00eancia da leitura ainda mais sensorial.<\/p>\n","protected":false},"excerpt":{"rendered":"<p>O livro dos m\u00e1rtires vem influenciando gera\u00e7\u00f5es de crist\u00e3os protestantes desde que foi publicado no s\u00e9culo 16. Suas p\u00e1ginas narram&hellip;<\/p>\n","protected":false},"featured_media":338756,"comment_status":"open","ping_status":"closed","template":"","meta":[],"product_cat":[181,134],"product_tag":[],"_links":{"self":[{"href":"https:\/\/www.livrariarema.com.br\/loja\/wp-json\/wp\/v2\/product\/101182"}],"collection":[{"href":"https:\/\/www.livrariarema.com.br\/loja\/wp-json\/wp\/v2\/product"}],"about":[{"href":"https:\/\/www.livrariarema.com.br\/loja\/wp-json\/wp\/v2\/types\/product"}],"replies":[{"embeddable":true,"href":"https:\/\/www.livrariarema.com.br\/loja\/wp-json\/wp\/v2\/comments?post=101182"}],"wp:featuredmedia":[{"embeddable":true,"href":"https:\/\/www.livrariarema.com.br\/loja\/wp-json\/wp\/v2\/media\/338756"}],"wp:attachment":[{"href":"https:\/\/www.livrariarema.com.br\/loja\/wp-json\/wp\/v2\/media?parent=101182"}],"wp:term":[{"taxonomy":"product_cat","embeddable":true,"href":"https:\/\/www.livrariarema.com.br\/loja\/wp-json\/wp\/v2\/product_cat?post=101182"},{"taxonomy":"product_tag","embeddable":true,"href":"https:\/\/www.livrariarema.com.br\/loja\/wp-json\/wp\/v2\/product_tag?post=101182"}],"curies":[{"name":"wp","href":"https:\/\/api.w.org\/{rel}","templated":true}]}}