{"id":101413,"date":"2021-08-27T17:46:53","date_gmt":"2021-08-27T20:46:53","guid":{"rendered":"https:\/\/www.livrariarema.com.br\/loja\/produtos\/sem%20categoria\/21-qualidades-de-lideres-na-biblia-john-c-maxwell\/"},"modified":"2026-04-30T11:26:43","modified_gmt":"2026-04-30T14:26:43","slug":"21-qualidades-de-lideres-na-biblia-john-c-maxwell","status":"publish","type":"product","link":"https:\/\/www.livrariarema.com.br\/loja\/produtos\/livros\/lideranca\/21-qualidades-de-lideres-na-biblia-john-c-maxwell\/","title":{"rendered":"21 Qualidades De Lideres Na Biblia &#8211; John C. Maxwell"},"content":{"rendered":"<p>APRENDA A LIDERAR COM O MELHOR LIVRO J\u00c1 ESCRITO: A B\u00cdBLIA<br \/>\n <Br><Br><br \/>\nQuem voc\u00ea procura para aprender sobre lideran\u00e7a? Homens de neg\u00f3cios? Consultores de imagem? Pol\u00edticos?<br \/>\n<Br><Br><br \/>\nA lideran\u00e7a \u00e9 para todos e deve ser uma prioridade dos crist\u00e3os, uma vez que todo aquele que aceita a Cristo \u00e9 chamado para influenciar os outros com a mensagem do evangelho. E a boa not\u00edcia para quem n\u00e3o se sente preparado para liderar \u00e9 que podemos aprender atrav\u00e9s dos exemplos de homens e mulheres das Escrituras.<br \/>\nEm 21 qualidades de l\u00edderes da B\u00edblia, o aclamado escritor John Maxwell traz um estudo sobre l\u00edderes como Davi, Daniel, Josu\u00e9, Elias, Rute, Ester, Paulo e, claro, Jesus, e mostra o que podemos aprender com eles sobre disciplina, paix\u00e3o, responsabilidade, coragem e outras qualidades essenciais para um l\u00edder.<Br><br \/>\nPartindo da teoria para a pr\u00e1tica, Maxwell apresenta ao leitor estudos de caso, aplica\u00e7\u00f5es, quest\u00f5es para reflex\u00e3o (individual e em grupos) e conselhos sobre como transformar o aprendizado em pr\u00e1tica e assim liderar com integridade em todas as \u00e1reas da sua vida.<Br><\/p>\n","protected":false},"excerpt":{"rendered":"<p>APRENDA A LIDERAR COM O MELHOR LIVRO J\u00c1 ESCRITO: A B\u00cdBLIA Quem voc\u00ea procura para aprender sobre lideran\u00e7a? Homens de&hellip;<\/p>\n","protected":false},"featured_media":347783,"comment_status":"open","ping_status":"closed","template":"","meta":[],"product_cat":[153,134],"product_tag":[],"_links":{"self":[{"href":"https:\/\/www.livrariarema.com.br\/loja\/wp-json\/wp\/v2\/product\/101413"}],"collection":[{"href":"https:\/\/www.livrariarema.com.br\/loja\/wp-json\/wp\/v2\/product"}],"about":[{"href":"https:\/\/www.livrariarema.com.br\/loja\/wp-json\/wp\/v2\/types\/product"}],"replies":[{"embeddable":true,"href":"https:\/\/www.livrariarema.com.br\/loja\/wp-json\/wp\/v2\/comments?post=101413"}],"wp:featuredmedia":[{"embeddable":true,"href":"https:\/\/www.livrariarema.com.br\/loja\/wp-json\/wp\/v2\/media\/347783"}],"wp:attachment":[{"href":"https:\/\/www.livrariarema.com.br\/loja\/wp-json\/wp\/v2\/media?parent=101413"}],"wp:term":[{"taxonomy":"product_cat","embeddable":true,"href":"https:\/\/www.livrariarema.com.br\/loja\/wp-json\/wp\/v2\/product_cat?post=101413"},{"taxonomy":"product_tag","embeddable":true,"href":"https:\/\/www.livrariarema.com.br\/loja\/wp-json\/wp\/v2\/product_tag?post=101413"}],"curies":[{"name":"wp","href":"https:\/\/api.w.org\/{rel}","templated":true}]}}