{"id":101419,"date":"2021-08-27T17:47:06","date_gmt":"2021-08-27T20:47:06","guid":{"rendered":"https:\/\/www.livrariarema.com.br\/loja\/produtos\/sem%20categoria\/biblia-leitura-perfeita-nvi-brochura-branca\/"},"modified":"2026-02-24T12:16:01","modified_gmt":"2026-02-24T15:16:01","slug":"biblia-leitura-perfeita-nvi-brochura-branca","status":"publish","type":"product","link":"https:\/\/www.livrariarema.com.br\/loja\/produtos\/biblias\/nvi\/biblia-leitura-perfeita-nvi-brochura-branca\/","title":{"rendered":"B\u00edblia Leitura Perfeita &#8211; Nvi &#8211; Brochura &#8211; Branca"},"content":{"rendered":"<p>Bom gosto, estilo e acessibilidade!<Br><br \/>\n<Br><br \/>\nModerna e vers\u00e1til como voc\u00ea, a B\u00edblia Capa Pop \u00e9 incr\u00edvel, tem a qualidade Thomas Nelson Brasil e o miolo econ\u00f4mico. Com certeza essa B\u00edblia faz o seu estilo. Ela \u00e9 ideal para evangelismos ou para presentear sua c\u00e9lula ou pequenos grupos.<br \/>\n<Br><Br><br \/>\nPossui linguagem NVI (Nova Vers\u00e3o Internacional) que \u00e9 baseada nos seguintes fundamentos: precis\u00e3o, beleza de estilo, clareza e dignidade, trazendo uma vers\u00e3o ao mesmo tempo fiel e contempor\u00e2nea.<br \/>\n<Br><Br><br \/>\nCaracter\u00edsticas:<Br><br \/>\nTexto na tradu\u00e7\u00e3o NVI (Nova Vers\u00e3o Internacional)<Br><br \/>\nCapa brochura com reserva de verniz<Br><br \/>\nMiolo econ\u00f4mico<Br><br \/>\nLombada costurada para total abertura<Br><br \/>\nPre\u00e7o acess\u00edvel<Br><\/p>\n","protected":false},"excerpt":{"rendered":"<p>Bom gosto, estilo e acessibilidade! Moderna e vers\u00e1til como voc\u00ea, a B\u00edblia Capa Pop \u00e9 incr\u00edvel, tem a qualidade Thomas&hellip;<\/p>\n","protected":false},"featured_media":345249,"comment_status":"open","ping_status":"closed","template":"","meta":[],"product_cat":[139,166],"product_tag":[],"_links":{"self":[{"href":"https:\/\/www.livrariarema.com.br\/loja\/wp-json\/wp\/v2\/product\/101419"}],"collection":[{"href":"https:\/\/www.livrariarema.com.br\/loja\/wp-json\/wp\/v2\/product"}],"about":[{"href":"https:\/\/www.livrariarema.com.br\/loja\/wp-json\/wp\/v2\/types\/product"}],"replies":[{"embeddable":true,"href":"https:\/\/www.livrariarema.com.br\/loja\/wp-json\/wp\/v2\/comments?post=101419"}],"wp:featuredmedia":[{"embeddable":true,"href":"https:\/\/www.livrariarema.com.br\/loja\/wp-json\/wp\/v2\/media\/345249"}],"wp:attachment":[{"href":"https:\/\/www.livrariarema.com.br\/loja\/wp-json\/wp\/v2\/media?parent=101419"}],"wp:term":[{"taxonomy":"product_cat","embeddable":true,"href":"https:\/\/www.livrariarema.com.br\/loja\/wp-json\/wp\/v2\/product_cat?post=101419"},{"taxonomy":"product_tag","embeddable":true,"href":"https:\/\/www.livrariarema.com.br\/loja\/wp-json\/wp\/v2\/product_tag?post=101419"}],"curies":[{"name":"wp","href":"https:\/\/api.w.org\/{rel}","templated":true}]}}