{"id":101432,"date":"2021-08-27T17:48:15","date_gmt":"2021-08-27T20:48:15","guid":{"rendered":"https:\/\/www.livrariarema.com.br\/loja\/produtos\/sem%20categoria\/anatomia-de-um-luto-a-c-s-lewis\/"},"modified":"2026-02-24T17:08:54","modified_gmt":"2026-02-24T20:08:54","slug":"anatomia-de-um-luto-a-c-s-lewis","status":"publish","type":"product","link":"https:\/\/www.livrariarema.com.br\/loja\/produtos\/livros\/vida-crista\/anatomia-de-um-luto-a-c-s-lewis\/","title":{"rendered":"Anatomia De Um Luto, A &#8211; C. S. Lewis"},"content":{"rendered":"<p>O livro foi escrito ap\u00f3s a tr\u00e1gica morte de sua esposa como uma forma de sobreviver aos &#8220;momentos insanos do meio da noite&#8221;, \u00e9 a reflex\u00e3o honesta de C.S. Lewis sobre as quest\u00f5es fundamentais da vida, morte e f\u00e9 em meio \u00e0 perda. Esta obra cont\u00e9m as reflex\u00f5es precisas e genu\u00ednas de Lewis sobre aquele per\u00edodo: &#8220;Nada menos demover\u00e1 um homem &#8211; ou pelo menos um homem como eu &#8211; de seu pensamento meramente verbal e de suas cren\u00e7as meramente nocionais. Ele tem de ser nocauteado antes de cair em si. Apenas a tortura revelar\u00e1 a verdade. Somente sob tortura ele mesmo a descobre&#8221;.<br \/>\nA leitura de A anatomia de uma luto traz um registro belo e inflexivelmente honesto de como at\u00e9 mesmo um crente firme pode perder todo o senso de significado no universo, e de como ele pode gradualmente se recompor ap\u00f3s passar por um luto.<\/p>\n","protected":false},"excerpt":{"rendered":"<p>O livro foi escrito ap\u00f3s a tr\u00e1gica morte de sua esposa como uma forma de sobreviver aos &#8220;momentos insanos do&hellip;<\/p>\n","protected":false},"featured_media":345385,"comment_status":"open","ping_status":"closed","template":"","meta":[],"product_cat":[134,137],"product_tag":[],"_links":{"self":[{"href":"https:\/\/www.livrariarema.com.br\/loja\/wp-json\/wp\/v2\/product\/101432"}],"collection":[{"href":"https:\/\/www.livrariarema.com.br\/loja\/wp-json\/wp\/v2\/product"}],"about":[{"href":"https:\/\/www.livrariarema.com.br\/loja\/wp-json\/wp\/v2\/types\/product"}],"replies":[{"embeddable":true,"href":"https:\/\/www.livrariarema.com.br\/loja\/wp-json\/wp\/v2\/comments?post=101432"}],"wp:featuredmedia":[{"embeddable":true,"href":"https:\/\/www.livrariarema.com.br\/loja\/wp-json\/wp\/v2\/media\/345385"}],"wp:attachment":[{"href":"https:\/\/www.livrariarema.com.br\/loja\/wp-json\/wp\/v2\/media?parent=101432"}],"wp:term":[{"taxonomy":"product_cat","embeddable":true,"href":"https:\/\/www.livrariarema.com.br\/loja\/wp-json\/wp\/v2\/product_cat?post=101432"},{"taxonomy":"product_tag","embeddable":true,"href":"https:\/\/www.livrariarema.com.br\/loja\/wp-json\/wp\/v2\/product_tag?post=101432"}],"curies":[{"name":"wp","href":"https:\/\/api.w.org\/{rel}","templated":true}]}}