{"id":101466,"date":"2021-08-27T17:50:33","date_gmt":"2021-08-27T20:50:33","guid":{"rendered":"https:\/\/www.livrariarema.com.br\/loja\/produtos\/sem%20categoria\/problema-da-dor-o-c-s-lewis\/"},"modified":"2026-04-24T11:08:23","modified_gmt":"2026-04-24T14:08:23","slug":"problema-da-dor-o-c-s-lewis","status":"publish","type":"product","link":"https:\/\/www.livrariarema.com.br\/loja\/produtos\/livros\/vida-crista\/problema-da-dor-o-c-s-lewis\/","title":{"rendered":"Problema Da Dor, O &#8211; C. S. Lewis"},"content":{"rendered":"<p>Nesse livro, C. S. Lewis, um dos mais renomados autores e pensadores crist\u00e3os, aborda assuntos que afligem os pensadores de todas as gera\u00e7\u00f5es, tendo como ponto de partida um questionamento feito com frequ\u00eancia: &#8220;Se Deus \u00e9 bom e Todo-poderoso, por que ele permite que suas criaturas sofram?&#8221;<\/p>\n<p>Em O problema da dor, uma obra cl\u00e1ssica do autor, ele sabia que apenas sua genialidade n\u00e3o seria o suficiente para tratar de temas espinhosos usados para rejeitar a cren\u00e7a em um Deus bom. Por isso, o autor oferece respostas cheias de empatia e compartilha sua esperan\u00e7a e sabedoria para ajudar a curar um mundo sedento por uma verdadeira compreens\u00e3o natureza humana.<\/p>\n","protected":false},"excerpt":{"rendered":"<p>Nesse livro, C. S. Lewis, um dos mais renomados autores e pensadores crist\u00e3os, aborda assuntos que afligem os pensadores de&hellip;<\/p>\n","protected":false},"featured_media":347176,"comment_status":"open","ping_status":"closed","template":"","meta":[],"product_cat":[134,137],"product_tag":[],"_links":{"self":[{"href":"https:\/\/www.livrariarema.com.br\/loja\/wp-json\/wp\/v2\/product\/101466"}],"collection":[{"href":"https:\/\/www.livrariarema.com.br\/loja\/wp-json\/wp\/v2\/product"}],"about":[{"href":"https:\/\/www.livrariarema.com.br\/loja\/wp-json\/wp\/v2\/types\/product"}],"replies":[{"embeddable":true,"href":"https:\/\/www.livrariarema.com.br\/loja\/wp-json\/wp\/v2\/comments?post=101466"}],"wp:featuredmedia":[{"embeddable":true,"href":"https:\/\/www.livrariarema.com.br\/loja\/wp-json\/wp\/v2\/media\/347176"}],"wp:attachment":[{"href":"https:\/\/www.livrariarema.com.br\/loja\/wp-json\/wp\/v2\/media?parent=101466"}],"wp:term":[{"taxonomy":"product_cat","embeddable":true,"href":"https:\/\/www.livrariarema.com.br\/loja\/wp-json\/wp\/v2\/product_cat?post=101466"},{"taxonomy":"product_tag","embeddable":true,"href":"https:\/\/www.livrariarema.com.br\/loja\/wp-json\/wp\/v2\/product_tag?post=101466"}],"curies":[{"name":"wp","href":"https:\/\/api.w.org\/{rel}","templated":true}]}}