{"id":101472,"date":"2021-08-27T17:50:45","date_gmt":"2021-08-27T20:50:45","guid":{"rendered":"https:\/\/www.livrariarema.com.br\/loja\/produtos\/sem%20categoria\/box-pentateuco-para-todos-john-goldingay\/"},"modified":"2026-02-24T12:17:28","modified_gmt":"2026-02-24T15:17:28","slug":"box-pentateuco-para-todos-john-goldingay","status":"publish","type":"product","link":"https:\/\/www.livrariarema.com.br\/loja\/produtos\/livros\/estudo-biblico\/box-pentateuco-para-todos-john-goldingay\/","title":{"rendered":"Box Pentateuco Para Todos &#8211; John Goldingay"},"content":{"rendered":"<p>Seguindo os passos de N. T. Wright, estudioso aclamado e autor da bem-sucedida s\u00e9rie de coment\u00e1rios O Novo Testamento para todos, Goldingay aborda as Escrituras de G\u00eanesis a Malaquias de tal forma que at\u00e9 as passagens mais desafiadoras s\u00e3o explicadas de forma clara e acess\u00edvel.<BR><br \/>\n<BR><br \/>\n&#8220;Goldingay traz para a tarefa seu grande aprendizado, sua profunda paix\u00e3o pela f\u00e9, sua imagina\u00e7\u00e3o informada e sua aten\u00e7\u00e3o \u00e0 vida contempor\u00e2nea.&#8221; &#8211; WALTER BRUEGGEMANN<br \/>\n<BR><BR><br \/>\n&#8220;Esta s\u00e9rie \u00e9 realmente para todos que desejam aumentar sua compreens\u00e3o do Antigo Testamento.&#8221; &#8211; TREMPER LONGMAN<br \/>\n<BR><BR><br \/>\n&#8220;Goldingay escreve para todos como mestre, pastor e amigo.&#8221; &#8211; PAMELA SCALISE<br \/>\n<BR><BR><br \/>\n&#8220;Reflex\u00f5es que v\u00e3o enriquecer profundamente a vida e a f\u00e9.&#8221; &#8211; TERENCE E. FRETHEIM<\/p>\n","protected":false},"excerpt":{"rendered":"<p>Seguindo os passos de N. T. Wright, estudioso aclamado e autor da bem-sucedida s\u00e9rie de coment\u00e1rios O Novo Testamento para&hellip;<\/p>\n","protected":false},"featured_media":345261,"comment_status":"open","ping_status":"closed","template":"","meta":[],"product_cat":[161,134],"product_tag":[],"_links":{"self":[{"href":"https:\/\/www.livrariarema.com.br\/loja\/wp-json\/wp\/v2\/product\/101472"}],"collection":[{"href":"https:\/\/www.livrariarema.com.br\/loja\/wp-json\/wp\/v2\/product"}],"about":[{"href":"https:\/\/www.livrariarema.com.br\/loja\/wp-json\/wp\/v2\/types\/product"}],"replies":[{"embeddable":true,"href":"https:\/\/www.livrariarema.com.br\/loja\/wp-json\/wp\/v2\/comments?post=101472"}],"wp:featuredmedia":[{"embeddable":true,"href":"https:\/\/www.livrariarema.com.br\/loja\/wp-json\/wp\/v2\/media\/345261"}],"wp:attachment":[{"href":"https:\/\/www.livrariarema.com.br\/loja\/wp-json\/wp\/v2\/media?parent=101472"}],"wp:term":[{"taxonomy":"product_cat","embeddable":true,"href":"https:\/\/www.livrariarema.com.br\/loja\/wp-json\/wp\/v2\/product_cat?post=101472"},{"taxonomy":"product_tag","embeddable":true,"href":"https:\/\/www.livrariarema.com.br\/loja\/wp-json\/wp\/v2\/product_tag?post=101472"}],"curies":[{"name":"wp","href":"https:\/\/api.w.org\/{rel}","templated":true}]}}