{"id":101581,"date":"2021-08-30T09:54:39","date_gmt":"2021-08-30T12:54:39","guid":{"rendered":"https:\/\/www.livrariarema.com.br\/loja\/produtos\/sem%20categoria\/atividades-biblicas-para-pre-escolares\/"},"modified":"2025-03-06T10:12:06","modified_gmt":"2025-03-06T13:12:06","slug":"atividades-biblicas-para-pre-escolares","status":"publish","type":"product","link":"https:\/\/www.livrariarema.com.br\/loja\/produtos\/livros\/infantil\/atividades-biblicas-para-pre-escolares\/","title":{"rendered":"Atividades Biblicas Para Pr\u00e9-Escolares"},"content":{"rendered":"<p>\u00c9 hora de brincar ou \u00e9 a hora da leitura b\u00edblica? Por que n\u00e3o fazer as duas coisas ao mesmo tempo? Atividades B\u00edblicas para pr\u00e9-escolares, \u00e9 uma obra direcionada para crian\u00e7as de 4 a 7 anos com objetivo de entreter e ensinar passagens b\u00edblicas ao mesmo tempo. Com dezessete hist\u00f3rias bem conhecidas, cada uma delas \u00e9 acompanhada de atividades bem criativas que envolve os pequenos proporcionando aprendizado, e claro muita divers\u00e3o! A hora da leitura, agora \u00e9 tamb\u00e9m a hora de brincar!<\/p>\n","protected":false},"excerpt":{"rendered":"<p>\u00c9 hora de brincar ou \u00e9 a hora da leitura b\u00edblica? Por que n\u00e3o fazer as duas coisas ao mesmo&hellip;<\/p>\n","protected":false},"featured_media":321606,"comment_status":"open","ping_status":"closed","template":"","meta":[],"product_cat":[144,134],"product_tag":[],"_links":{"self":[{"href":"https:\/\/www.livrariarema.com.br\/loja\/wp-json\/wp\/v2\/product\/101581"}],"collection":[{"href":"https:\/\/www.livrariarema.com.br\/loja\/wp-json\/wp\/v2\/product"}],"about":[{"href":"https:\/\/www.livrariarema.com.br\/loja\/wp-json\/wp\/v2\/types\/product"}],"replies":[{"embeddable":true,"href":"https:\/\/www.livrariarema.com.br\/loja\/wp-json\/wp\/v2\/comments?post=101581"}],"wp:featuredmedia":[{"embeddable":true,"href":"https:\/\/www.livrariarema.com.br\/loja\/wp-json\/wp\/v2\/media\/321606"}],"wp:attachment":[{"href":"https:\/\/www.livrariarema.com.br\/loja\/wp-json\/wp\/v2\/media?parent=101581"}],"wp:term":[{"taxonomy":"product_cat","embeddable":true,"href":"https:\/\/www.livrariarema.com.br\/loja\/wp-json\/wp\/v2\/product_cat?post=101581"},{"taxonomy":"product_tag","embeddable":true,"href":"https:\/\/www.livrariarema.com.br\/loja\/wp-json\/wp\/v2\/product_tag?post=101581"}],"curies":[{"name":"wp","href":"https:\/\/api.w.org\/{rel}","templated":true}]}}