{"id":103718,"date":"2021-09-11T09:41:02","date_gmt":"2021-09-11T12:41:02","guid":{"rendered":"https:\/\/www.livrariarema.com.br\/loja\/produtos\/sem%20categoria\/novo-testamento-uma-introducao-historica-retorico-literaria-e-teologica-manuel-alexandre-junior\/"},"modified":"2026-02-20T13:29:25","modified_gmt":"2026-02-20T16:29:25","slug":"novo-testamento-uma-introducao-historica-retorico-literaria-e-teologica-manuel-alexandre-junior","status":"publish","type":"product","link":"https:\/\/www.livrariarema.com.br\/loja\/produtos\/promocao\/livros-promocao\/novo-testamento-uma-introducao-historica-retorico-literaria-e-teologica-manuel-alexandre-junior\/","title":{"rendered":"Novo Testamento: Uma Introdu\u00e7\u00e3o Hist\u00f3rica, Ret\u00f3rico-Liter\u00e1ria E Teol\u00f3gica &#8211; Manuel Alexandre J\u00fanior"},"content":{"rendered":"<p>Dr. Manuel Alexandre J\u00fanior, renomado autor portugu\u00eas, escreveu uma obra que ultrapassa todas as expectativas de uma introdu\u00e7\u00e3o que se preocupa t\u00e3o somente com quest\u00f5es de ordem hist\u00f3rica, como autoria, data, fontes, prop\u00f3sito, destinat\u00e1rio e outros t\u00f3picos sempre presentes. Al\u00e9m de tudo isso, o leitor encontrar\u00e1 nesta obra:<\/p>\n<p>Amplia\u00e7\u00e3o dos horizontes do leitor do texto sagrado para o conte\u00fado e o sentido de cada livro do Novo Testamento;<br \/>\nIntrodu\u00e7\u00e3o \u00e0s informa\u00e7\u00f5es hist\u00f3ricas, geogr\u00e1ficas e culturais necess\u00e1rias a uma compreens\u00e3o contextualizada do texto;<br \/>\nEsbo\u00e7o de princ\u00edpios hermen\u00eauticos de interpreta\u00e7\u00e3o que viabilizam uma melhor compreens\u00e3o das verdades expressas, tanto no plano doutrin\u00e1rio quanto no pedag\u00f3gico e \u00e9tico;<br \/>\nAbordagem de quest\u00f5es cr\u00edticas de pano de fundo, sobretudo daquelas que s\u00e3o \u00fateis tanto para a clarifica\u00e7\u00e3o do texto quanto para a solidifica\u00e7\u00e3o da f\u00e9;<br \/>\nReflex\u00e3o aguda das quest\u00f5es teol\u00f3gicas de fundo no estabelecimento da mensagem que cada livro encerra.<br \/>\nO Novo Testamento: uma introdu\u00e7\u00e3o hist\u00f3rica, ret\u00f3rico-liter\u00e1ria e teol\u00f3gica \u00e9 indubitavelmente uma obra singular, um livro fundamental que une f\u00e9 e teologia com o que h\u00e1 de melhor na erudi\u00e7\u00e3o crist\u00e3.<\/p>\n","protected":false},"excerpt":{"rendered":"<p>Dr. Manuel Alexandre J\u00fanior, renomado autor portugu\u00eas, escreveu uma obra que ultrapassa todas as expectativas de uma introdu\u00e7\u00e3o que se&hellip;<\/p>\n","protected":false},"featured_media":345062,"comment_status":"open","ping_status":"closed","template":"","meta":[],"product_cat":[143,142],"product_tag":[],"_links":{"self":[{"href":"https:\/\/www.livrariarema.com.br\/loja\/wp-json\/wp\/v2\/product\/103718"}],"collection":[{"href":"https:\/\/www.livrariarema.com.br\/loja\/wp-json\/wp\/v2\/product"}],"about":[{"href":"https:\/\/www.livrariarema.com.br\/loja\/wp-json\/wp\/v2\/types\/product"}],"replies":[{"embeddable":true,"href":"https:\/\/www.livrariarema.com.br\/loja\/wp-json\/wp\/v2\/comments?post=103718"}],"wp:featuredmedia":[{"embeddable":true,"href":"https:\/\/www.livrariarema.com.br\/loja\/wp-json\/wp\/v2\/media\/345062"}],"wp:attachment":[{"href":"https:\/\/www.livrariarema.com.br\/loja\/wp-json\/wp\/v2\/media?parent=103718"}],"wp:term":[{"taxonomy":"product_cat","embeddable":true,"href":"https:\/\/www.livrariarema.com.br\/loja\/wp-json\/wp\/v2\/product_cat?post=103718"},{"taxonomy":"product_tag","embeddable":true,"href":"https:\/\/www.livrariarema.com.br\/loja\/wp-json\/wp\/v2\/product_tag?post=103718"}],"curies":[{"name":"wp","href":"https:\/\/api.w.org\/{rel}","templated":true}]}}