{"id":104193,"date":"2021-09-14T11:27:26","date_gmt":"2021-09-14T14:27:26","guid":{"rendered":"https:\/\/www.livrariarema.com.br\/loja\/produtos\/sem%20categoria\/laicidade-colaborativa-brasileira-a-thiago-rafael-vieira-e-jean-marques-regina\/"},"modified":"2026-02-20T13:19:31","modified_gmt":"2026-02-20T16:19:31","slug":"laicidade-colaborativa-brasileira-a-thiago-rafael-vieira-e-jean-marques-regina","status":"publish","type":"product","link":"https:\/\/www.livrariarema.com.br\/loja\/produtos\/promocao\/livros-promocao\/laicidade-colaborativa-brasileira-a-thiago-rafael-vieira-e-jean-marques-regina\/","title":{"rendered":"Laicidade Colaborativa Brasileira, A &#8211; Thiago Rafael Vieira E Jean Marques Regina"},"content":{"rendered":"<p>Sempre que a rela\u00e7\u00e3o entre religi\u00e3o e esfera p\u00fablica \u00e9 tema de debate, a express\u00e3o &#8220;O Estado \u00e9 laico&#8221; surge como uma tentativa de neutralizar a participa\u00e7\u00e3o religiosa em quest\u00f5es sociais. Mas ser\u00e1 que a laicidade do Estado implica necessariamente o n\u00e3o envolvimento religioso nas quest\u00f5es p\u00fablicas?<\/p>\n<p>Em A laicidade colaborativa brasileira, os juristas Thiago Rafael Vieira e Jean Marques Regina defendem que a forma pela qual o Estado se organiza e se relaciona com a religi\u00e3o e suas institui\u00e7\u00f5es trar\u00e1 consequ\u00eancias ao exerc\u00edcio de todas as express\u00f5es da liberdade religiosa, bem como do princ\u00edpio basilar da Rep\u00fablica, isto \u00e9, a dignidade da pessoa humana.<\/p>\n","protected":false},"excerpt":{"rendered":"<p>Sempre que a rela\u00e7\u00e3o entre religi\u00e3o e esfera p\u00fablica \u00e9 tema de debate, a express\u00e3o &#8220;O Estado \u00e9 laico&#8221; surge&hellip;<\/p>\n","protected":false},"featured_media":345018,"comment_status":"open","ping_status":"closed","template":"","meta":[],"product_cat":[143,142],"product_tag":[],"_links":{"self":[{"href":"https:\/\/www.livrariarema.com.br\/loja\/wp-json\/wp\/v2\/product\/104193"}],"collection":[{"href":"https:\/\/www.livrariarema.com.br\/loja\/wp-json\/wp\/v2\/product"}],"about":[{"href":"https:\/\/www.livrariarema.com.br\/loja\/wp-json\/wp\/v2\/types\/product"}],"replies":[{"embeddable":true,"href":"https:\/\/www.livrariarema.com.br\/loja\/wp-json\/wp\/v2\/comments?post=104193"}],"wp:featuredmedia":[{"embeddable":true,"href":"https:\/\/www.livrariarema.com.br\/loja\/wp-json\/wp\/v2\/media\/345018"}],"wp:attachment":[{"href":"https:\/\/www.livrariarema.com.br\/loja\/wp-json\/wp\/v2\/media?parent=104193"}],"wp:term":[{"taxonomy":"product_cat","embeddable":true,"href":"https:\/\/www.livrariarema.com.br\/loja\/wp-json\/wp\/v2\/product_cat?post=104193"},{"taxonomy":"product_tag","embeddable":true,"href":"https:\/\/www.livrariarema.com.br\/loja\/wp-json\/wp\/v2\/product_tag?post=104193"}],"curies":[{"name":"wp","href":"https:\/\/api.w.org\/{rel}","templated":true}]}}