{"id":104342,"date":"2021-09-15T14:26:19","date_gmt":"2021-09-15T17:26:19","guid":{"rendered":"https:\/\/www.livrariarema.com.br\/loja\/produtos\/sem%20categoria\/licoes-especiais-nao-ao-halloween-cartazes\/"},"modified":"2024-10-24T09:38:44","modified_gmt":"2024-10-24T12:38:44","slug":"licoes-especiais-nao-ao-halloween-cartazes","status":"publish","type":"product","link":"https:\/\/www.livrariarema.com.br\/loja\/produtos\/diversos\/flanelografo-e-cartazes\/licoes-especiais-nao-ao-halloween-cartazes\/","title":{"rendered":"Li\u00e7\u00f5es Especiais &#8211; N\u00e3o Ao Halloween &#8211; Cartazes"},"content":{"rendered":"<p>As crian\u00e7as e os adolescentes s\u00e3o alvo de Satan\u00e1s. Ele usa as mais variadas estrat\u00e9gias para enred\u00e1-los: m\u00fasicas, jogos, brinquedos, filmes, ensinos e at\u00e9 festas.<br \/>\nO Halloween, a festa das bruxas, j\u00e1 invadiu o nosso pa\u00eds. No com\u00e9rcio, \u00e9 poss\u00edvel encontrar uma variedade enorme de artigos com motivos de caveiras, ab\u00f3boras, bruxas, etc. Nas ruas, crian\u00e7as fantasiadas s\u00e3o vistas em toda parte. Muitos anivers\u00e1rios, nesta ocasi\u00e3o, t\u00eam como motivo este tema. Nas escolas, as crian\u00e7as s\u00e3o levadas a fazer pesquisas sobre o assunto, a t\u00edtulo de conhecimento folcl\u00f3rico, ou ent\u00e3o, como pretexto pedag\u00f3gico. Bruxaria n\u00e3o \u00e9 pedagogia!<\/p>\n","protected":false},"excerpt":{"rendered":"<p>As crian\u00e7as e os adolescentes s\u00e3o alvo de Satan\u00e1s. Ele usa as mais variadas estrat\u00e9gias para enred\u00e1-los: m\u00fasicas, jogos, brinquedos,&hellip;<\/p>\n","protected":false},"featured_media":321099,"comment_status":"open","ping_status":"closed","template":"","meta":[],"product_cat":[132,133],"product_tag":[],"_links":{"self":[{"href":"https:\/\/www.livrariarema.com.br\/loja\/wp-json\/wp\/v2\/product\/104342"}],"collection":[{"href":"https:\/\/www.livrariarema.com.br\/loja\/wp-json\/wp\/v2\/product"}],"about":[{"href":"https:\/\/www.livrariarema.com.br\/loja\/wp-json\/wp\/v2\/types\/product"}],"replies":[{"embeddable":true,"href":"https:\/\/www.livrariarema.com.br\/loja\/wp-json\/wp\/v2\/comments?post=104342"}],"wp:featuredmedia":[{"embeddable":true,"href":"https:\/\/www.livrariarema.com.br\/loja\/wp-json\/wp\/v2\/media\/321099"}],"wp:attachment":[{"href":"https:\/\/www.livrariarema.com.br\/loja\/wp-json\/wp\/v2\/media?parent=104342"}],"wp:term":[{"taxonomy":"product_cat","embeddable":true,"href":"https:\/\/www.livrariarema.com.br\/loja\/wp-json\/wp\/v2\/product_cat?post=104342"},{"taxonomy":"product_tag","embeddable":true,"href":"https:\/\/www.livrariarema.com.br\/loja\/wp-json\/wp\/v2\/product_tag?post=104342"}],"curies":[{"name":"wp","href":"https:\/\/api.w.org\/{rel}","templated":true}]}}