{"id":104578,"date":"2021-09-16T15:58:11","date_gmt":"2021-09-16T18:58:11","guid":{"rendered":"https:\/\/www.livrariarema.com.br\/loja\/produtos\/sem%20categoria\/giz-de-cera-tris-jumbo-12-cores\/"},"modified":"2026-04-06T16:10:33","modified_gmt":"2026-04-06T19:10:33","slug":"giz-de-cera-tris-jumbo-12-cores","status":"publish","type":"product","link":"https:\/\/www.livrariarema.com.br\/loja\/produtos\/papelaria\/giz-de-cera\/giz-de-cera-tris-jumbo-12-cores\/","title":{"rendered":"Giz De Cera &#8211; Tris &#8211; Jumbo &#8211; 12 Cores"},"content":{"rendered":"<p>O giz de cera Jumbo possui tra\u00e7o macio, cobertura incr\u00edvel e r\u00f3tulo protetor que evita a quebra e n\u00e3o suja as m\u00e3os! <br \/>\nDimens\u00f5es do giz: 10x1x1cm. <Br><br \/>\n12 cores.<\/p>\n<p>Registro Inmetro 002071\/2017<\/p>\n","protected":false},"excerpt":{"rendered":"<p>O giz de cera Jumbo possui tra\u00e7o macio, cobertura incr\u00edvel e r\u00f3tulo protetor que evita a quebra e n\u00e3o suja&hellip;<\/p>\n","protected":false},"featured_media":318304,"comment_status":"open","ping_status":"closed","template":"","meta":[],"product_cat":[286,215],"product_tag":[],"_links":{"self":[{"href":"https:\/\/www.livrariarema.com.br\/loja\/wp-json\/wp\/v2\/product\/104578"}],"collection":[{"href":"https:\/\/www.livrariarema.com.br\/loja\/wp-json\/wp\/v2\/product"}],"about":[{"href":"https:\/\/www.livrariarema.com.br\/loja\/wp-json\/wp\/v2\/types\/product"}],"replies":[{"embeddable":true,"href":"https:\/\/www.livrariarema.com.br\/loja\/wp-json\/wp\/v2\/comments?post=104578"}],"wp:featuredmedia":[{"embeddable":true,"href":"https:\/\/www.livrariarema.com.br\/loja\/wp-json\/wp\/v2\/media\/318304"}],"wp:attachment":[{"href":"https:\/\/www.livrariarema.com.br\/loja\/wp-json\/wp\/v2\/media?parent=104578"}],"wp:term":[{"taxonomy":"product_cat","embeddable":true,"href":"https:\/\/www.livrariarema.com.br\/loja\/wp-json\/wp\/v2\/product_cat?post=104578"},{"taxonomy":"product_tag","embeddable":true,"href":"https:\/\/www.livrariarema.com.br\/loja\/wp-json\/wp\/v2\/product_tag?post=104578"}],"curies":[{"name":"wp","href":"https:\/\/api.w.org\/{rel}","templated":true}]}}