{"id":105646,"date":"2021-09-22T11:40:47","date_gmt":"2021-09-22T14:40:47","guid":{"rendered":"https:\/\/www.livrariarema.com.br\/loja\/produtos\/sem%20categoria\/caneta-esferografica-tilibra-super-007-07mm-azul\/"},"modified":"2026-04-06T16:00:48","modified_gmt":"2026-04-06T19:00:48","slug":"caneta-esferografica-tilibra-super-007-07mm-azul","status":"publish","type":"product","link":"https:\/\/www.livrariarema.com.br\/loja\/produtos\/papelaria\/canetas\/caneta-esferografica-tilibra-super-007-07mm-azul\/","title":{"rendered":"Caneta Esferogr\u00e1fica &#8211; Tilibra &#8211; Super 007 &#8211; 0,7Mm &#8211; Azul"},"content":{"rendered":"<p>A Caneta Esferogr\u00e1fica 0.7mm Super 007 Azul possui um tra\u00e7o macio e tinta de qualidade com secagem r\u00e1pida, sendo ideal para escrita e sendo indispens\u00e1vel para seu material escolar ou escrit\u00f3rio.<br \/>\nProduto Certificado INMETRO (Artigo Escolar\/Seguran\u00e7a) &#8211; Registro 000894\/2012<\/p>\n<p>Detalhes:<br \/>\nAlta qualidade<br \/>\nCaneta: Com tampa<br \/>\nC\u00f3digo de barras individual<br \/>\nCom clip<br \/>\nCor: Azul<br \/>\nDesign moderno<br \/>\nGrip ergon\u00f4mico<br \/>\nMaior resist\u00eancia e durabilidade<br \/>\nModelo: Esferogr\u00e1fica<br \/>\nMultiuso<br \/>\nPonta: 0.7mm<br \/>\nProduto certificado: INMETRO<br \/>\nSecagem r\u00e1pida<br \/>\nTra\u00e7o macio<\/p>\n","protected":false},"excerpt":{"rendered":"<p>A Caneta Esferogr\u00e1fica 0.7mm Super 007 Azul possui um tra\u00e7o macio e tinta de qualidade com secagem r\u00e1pida, sendo ideal&hellip;<\/p>\n","protected":false},"featured_media":334895,"comment_status":"open","ping_status":"closed","template":"","meta":[],"product_cat":[216,215],"product_tag":[],"_links":{"self":[{"href":"https:\/\/www.livrariarema.com.br\/loja\/wp-json\/wp\/v2\/product\/105646"}],"collection":[{"href":"https:\/\/www.livrariarema.com.br\/loja\/wp-json\/wp\/v2\/product"}],"about":[{"href":"https:\/\/www.livrariarema.com.br\/loja\/wp-json\/wp\/v2\/types\/product"}],"replies":[{"embeddable":true,"href":"https:\/\/www.livrariarema.com.br\/loja\/wp-json\/wp\/v2\/comments?post=105646"}],"wp:featuredmedia":[{"embeddable":true,"href":"https:\/\/www.livrariarema.com.br\/loja\/wp-json\/wp\/v2\/media\/334895"}],"wp:attachment":[{"href":"https:\/\/www.livrariarema.com.br\/loja\/wp-json\/wp\/v2\/media?parent=105646"}],"wp:term":[{"taxonomy":"product_cat","embeddable":true,"href":"https:\/\/www.livrariarema.com.br\/loja\/wp-json\/wp\/v2\/product_cat?post=105646"},{"taxonomy":"product_tag","embeddable":true,"href":"https:\/\/www.livrariarema.com.br\/loja\/wp-json\/wp\/v2\/product_tag?post=105646"}],"curies":[{"name":"wp","href":"https:\/\/api.w.org\/{rel}","templated":true}]}}