{"id":106701,"date":"2021-09-27T10:59:10","date_gmt":"2021-09-27T13:59:10","guid":{"rendered":"https:\/\/www.livrariarema.com.br\/loja\/produtos\/sem%20categoria\/serie-grandes-teologos-para-todos-jonathan-edwards-para-todos-james-p-byrd\/"},"modified":"2026-03-30T16:10:59","modified_gmt":"2026-03-30T19:10:59","slug":"serie-grandes-teologos-para-todos-jonathan-edwards-para-todos-james-p-byrd","status":"publish","type":"product","link":"https:\/\/www.livrariarema.com.br\/loja\/produtos\/promocao\/livros-promocao\/serie-grandes-teologos-para-todos-jonathan-edwards-para-todos-james-p-byrd\/","title":{"rendered":"S\u00e9rie Grandes Te\u00f3logos Para Todos &#8211; Jonathan Edwards Para Todos &#8211; James P. Byrd"},"content":{"rendered":"<p>Considerado um dos maiores pensadores e mais importantes te\u00f3logos da f\u00e9 crist\u00e3, Jonathan Edwards (1703-1758) foi tamb\u00e9m figura central do Primeiro Grande Despertamento e um pastor apaixonado. Lutou com algumas das mais inquietantes quest\u00f5es da vida crist\u00e3: Deus est\u00e1 no controle do mundo? Qual \u00e9 o nosso lugar no plano divino? E a quest\u00e3o mais importante de seu tempo: como entender a rela\u00e7\u00e3o entre a experi\u00eancia espiritual e o pensamento racional?<\/p>\n<p>F\u00e1cil de ler e bem-humorado, Jonathan Edwards para Todos mostra a vida, o minist\u00e9rio e tamb\u00e9m o pensamento e a teologia de Edwards, bem como explora seus temas e contribui\u00e7\u00f5es \u00fanicas para a teologia reformada e o cristianismo.<\/p>\n","protected":false},"excerpt":{"rendered":"<p>Considerado um dos maiores pensadores e mais importantes te\u00f3logos da f\u00e9 crist\u00e3, Jonathan Edwards (1703-1758) foi tamb\u00e9m figura central do&hellip;<\/p>\n","protected":false},"featured_media":342324,"comment_status":"open","ping_status":"closed","template":"","meta":[],"product_cat":[143,142],"product_tag":[],"_links":{"self":[{"href":"https:\/\/www.livrariarema.com.br\/loja\/wp-json\/wp\/v2\/product\/106701"}],"collection":[{"href":"https:\/\/www.livrariarema.com.br\/loja\/wp-json\/wp\/v2\/product"}],"about":[{"href":"https:\/\/www.livrariarema.com.br\/loja\/wp-json\/wp\/v2\/types\/product"}],"replies":[{"embeddable":true,"href":"https:\/\/www.livrariarema.com.br\/loja\/wp-json\/wp\/v2\/comments?post=106701"}],"wp:featuredmedia":[{"embeddable":true,"href":"https:\/\/www.livrariarema.com.br\/loja\/wp-json\/wp\/v2\/media\/342324"}],"wp:attachment":[{"href":"https:\/\/www.livrariarema.com.br\/loja\/wp-json\/wp\/v2\/media?parent=106701"}],"wp:term":[{"taxonomy":"product_cat","embeddable":true,"href":"https:\/\/www.livrariarema.com.br\/loja\/wp-json\/wp\/v2\/product_cat?post=106701"},{"taxonomy":"product_tag","embeddable":true,"href":"https:\/\/www.livrariarema.com.br\/loja\/wp-json\/wp\/v2\/product_tag?post=106701"}],"curies":[{"name":"wp","href":"https:\/\/api.w.org\/{rel}","templated":true}]}}