{"id":106704,"date":"2021-09-27T10:59:17","date_gmt":"2021-09-27T13:59:17","guid":{"rendered":"https:\/\/www.livrariarema.com.br\/loja\/produtos\/sem%20categoria\/pastorais-da-pandemia-vacina-contra-a-ansiedade-em-tempos-de-covid-eber-magalhaes-lenz-cesar\/"},"modified":"2025-11-06T12:59:24","modified_gmt":"2025-11-06T15:59:24","slug":"pastorais-da-pandemia-vacina-contra-a-ansiedade-em-tempos-de-covid-eber-magalhaes-lenz-cesar","status":"publish","type":"product","link":"https:\/\/www.livrariarema.com.br\/loja\/produtos\/promocao\/livros-promocao\/pastorais-da-pandemia-vacina-contra-a-ansiedade-em-tempos-de-covid-eber-magalhaes-lenz-cesar\/","title":{"rendered":"Pastorais Da Pandemia &#8211; Vacina Contra A Ansiedade Em Tempos De Covid &#8211; \u00c9ber Magalh\u00e3es Lenz C\u00e9sar"},"content":{"rendered":"<p>Ningu\u00e9m poderia imaginar&#8230;<\/p>\n<p>Distanciamento, isolamento, aulas e cultos online, fechamento de quase tudo, desemprego, luto. Esperava-se que 2021 seria melhor. N\u00e3o \u00e9. N\u00e3o tem sido&#8230;<\/p>\n<p>O mundo &#8211; e cada um de n\u00f3s &#8211; corre \u00e0 ca\u00e7a de vacinas. Enquanto isso, os hospitais continuam cheios e para tristeza e horror de todos, o v\u00edrus continua matando milhares de brasileiros.<\/p>\n<p>Como &#8220;tingir&#8221; de esperan\u00e7a o des\u00e2nimo, o desespero e o luto? Como lidar com a ansiedade? Que diferen\u00e7a a f\u00e9 crist\u00e3 pode fazer em dias como os nossos?<\/p>\n<p>Pastorais da Pandemia &#8211; Vacina contra a Ansiedade em Tempos de Covid \u00e9 uma sele\u00e7\u00e3o preciosa de textos pr\u00e1ticos e b\u00edblicos de f\u00e9 e \u00e2nimo para os que creem e esperam em Deus.<\/p>\n<p>Uma por\u00e7\u00e3o certeira de promessas daquele que alimenta e cura. Portanto, &#8220;alegrem-se, ainda que agora, por algum tempo, voc\u00eas precisem suportar muitas prova\u00e7\u00f5es. Elas mostrar\u00e3o que sua f\u00e9 \u00e9 aut\u00eantica&#8221; (1Pe 1.7).<\/p>\n","protected":false},"excerpt":{"rendered":"<p>Ningu\u00e9m poderia imaginar&#8230; Distanciamento, isolamento, aulas e cultos online, fechamento de quase tudo, desemprego, luto. Esperava-se que 2021 seria melhor.&hellip;<\/p>\n","protected":false},"featured_media":340623,"comment_status":"open","ping_status":"closed","template":"","meta":[],"product_cat":[143,142],"product_tag":[],"_links":{"self":[{"href":"https:\/\/www.livrariarema.com.br\/loja\/wp-json\/wp\/v2\/product\/106704"}],"collection":[{"href":"https:\/\/www.livrariarema.com.br\/loja\/wp-json\/wp\/v2\/product"}],"about":[{"href":"https:\/\/www.livrariarema.com.br\/loja\/wp-json\/wp\/v2\/types\/product"}],"replies":[{"embeddable":true,"href":"https:\/\/www.livrariarema.com.br\/loja\/wp-json\/wp\/v2\/comments?post=106704"}],"wp:featuredmedia":[{"embeddable":true,"href":"https:\/\/www.livrariarema.com.br\/loja\/wp-json\/wp\/v2\/media\/340623"}],"wp:attachment":[{"href":"https:\/\/www.livrariarema.com.br\/loja\/wp-json\/wp\/v2\/media?parent=106704"}],"wp:term":[{"taxonomy":"product_cat","embeddable":true,"href":"https:\/\/www.livrariarema.com.br\/loja\/wp-json\/wp\/v2\/product_cat?post=106704"},{"taxonomy":"product_tag","embeddable":true,"href":"https:\/\/www.livrariarema.com.br\/loja\/wp-json\/wp\/v2\/product_tag?post=106704"}],"curies":[{"name":"wp","href":"https:\/\/api.w.org\/{rel}","templated":true}]}}