{"id":106888,"date":"2021-09-27T15:35:02","date_gmt":"2021-09-27T18:35:02","guid":{"rendered":"https:\/\/www.livrariarema.com.br\/loja\/produtos\/sem%20categoria\/biblia-anote-nvi-espiral-cordeiro-de-deus\/"},"modified":"2025-12-24T12:01:22","modified_gmt":"2025-12-24T15:01:22","slug":"biblia-anote-nvi-espiral-cordeiro-de-deus","status":"publish","type":"product","link":"https:\/\/www.livrariarema.com.br\/loja\/produtos\/biblias\/nvi\/biblia-anote-nvi-espiral-cordeiro-de-deus\/","title":{"rendered":"B\u00edblia Anote &#8211; Nvi &#8211; Espiral &#8211; Cordeiro De Deus"},"content":{"rendered":"<p>J\u00e1 imaginou sentir-se como um escriba do passado, redigindo a B\u00edblia? Pois essa experi\u00eancia \u00e9 poss\u00edvel com a B\u00edblia Anote, um lan\u00e7amento especial da GEOGR\u00c1FICA EDITORA. Editada com requinte, a B\u00edblia Anote tem como diferencial os espa\u00e7os laterais destinados ao leitor. Ali, ele pode registrar suas anota\u00e7\u00f5es, pequenos estudos e inspira\u00e7\u00f5es a partir da leitura do texto sagrado, tanto na medita\u00e7\u00e3o pessoal como atrav\u00e9s de prega\u00e7\u00f5es e mensagens b\u00edblicas. O texto adotado \u00e9 a Nova Vers\u00e3o Internacional (NVI), uma tradu\u00e7\u00e3o contempor\u00e2nea das Escrituras que preserva a necess\u00e1ria fidedignidade aos originais sem abrir m\u00e3o da eleg\u00e2ncia de estilo e da necess\u00e1ria atualiza\u00e7\u00e3o de formas verbais, unidades de medida e pequenos detalhes &#8211; assim, o entendimento \u00e9 facilitado e pequenos detalhes s\u00e3o melhor percebidos. Com a B\u00edblia Anote, tudo aquilo que Deus falar ao seu cora\u00e7\u00e3o pode ser anotado no mesmo instante da leitura, formando um arquivo de experi\u00eancias espirituais que estar\u00e1 \u00e0 disposi\u00e7\u00e3o para sempre.<\/p>\n","protected":false},"excerpt":{"rendered":"<p>J\u00e1 imaginou sentir-se como um escriba do passado, redigindo a B\u00edblia? Pois essa experi\u00eancia \u00e9 poss\u00edvel com a B\u00edblia Anote,&hellip;<\/p>\n","protected":false},"featured_media":325942,"comment_status":"open","ping_status":"closed","template":"","meta":[],"product_cat":[139,166],"product_tag":[],"_links":{"self":[{"href":"https:\/\/www.livrariarema.com.br\/loja\/wp-json\/wp\/v2\/product\/106888"}],"collection":[{"href":"https:\/\/www.livrariarema.com.br\/loja\/wp-json\/wp\/v2\/product"}],"about":[{"href":"https:\/\/www.livrariarema.com.br\/loja\/wp-json\/wp\/v2\/types\/product"}],"replies":[{"embeddable":true,"href":"https:\/\/www.livrariarema.com.br\/loja\/wp-json\/wp\/v2\/comments?post=106888"}],"wp:featuredmedia":[{"embeddable":true,"href":"https:\/\/www.livrariarema.com.br\/loja\/wp-json\/wp\/v2\/media\/325942"}],"wp:attachment":[{"href":"https:\/\/www.livrariarema.com.br\/loja\/wp-json\/wp\/v2\/media?parent=106888"}],"wp:term":[{"taxonomy":"product_cat","embeddable":true,"href":"https:\/\/www.livrariarema.com.br\/loja\/wp-json\/wp\/v2\/product_cat?post=106888"},{"taxonomy":"product_tag","embeddable":true,"href":"https:\/\/www.livrariarema.com.br\/loja\/wp-json\/wp\/v2\/product_tag?post=106888"}],"curies":[{"name":"wp","href":"https:\/\/api.w.org\/{rel}","templated":true}]}}