{"id":106907,"date":"2021-09-27T15:36:17","date_gmt":"2021-09-27T18:36:17","guid":{"rendered":"https:\/\/www.livrariarema.com.br\/loja\/produtos\/sem%20categoria\/devocional-o-dia-esta-mais-bonito-porque-voce-me-ama\/"},"modified":"2025-06-05T16:52:20","modified_gmt":"2025-06-05T19:52:20","slug":"devocional-o-dia-esta-mais-bonito-porque-voce-me-ama","status":"publish","type":"product","link":"https:\/\/www.livrariarema.com.br\/loja\/produtos\/livros\/devocional\/devocional-o-dia-esta-mais-bonito-porque-voce-me-ama\/","title":{"rendered":"Devocional &#8211; O Dia Est\u00e1 Mais Bonito Porque Voc\u00ea Me Ama &#8211; Brochura"},"content":{"rendered":"<p>Algumas manh\u00e3s n\u00e3o parecem muito boas, n\u00e3o \u00e9 verdade? As circunst\u00e2ncias da vida podem nos sobrecarregar, frustrar, desanimar ou, at\u00e9 mesmo, deprimir. Por\u00e9m, tenha bom \u00e2nimo! Como dizem as Escrituras Sagradas, as miseric\u00f3rdias do Senhor se renovam a cada dia.<\/p>\n<p>O amor de Deus n\u00e3o depende da sua situa\u00e7\u00e3o que voc\u00ea est\u00e1 vivendo ou de seu estado de \u00e2nimo. Ele \u00e9 imut\u00e1vel &#8211; e as suas promessas s\u00e3o verdadeiras. Basta, a cada um de n\u00f3s, conhec\u00ea-las e confiar, de maneira incondicional, no amor do Pai.<\/p>\n","protected":false},"excerpt":{"rendered":"<p>Algumas manh\u00e3s n\u00e3o parecem muito boas, n\u00e3o \u00e9 verdade? As circunst\u00e2ncias da vida podem nos sobrecarregar, frustrar, desanimar ou, at\u00e9&hellip;<\/p>\n","protected":false},"featured_media":326085,"comment_status":"open","ping_status":"closed","template":"","meta":[],"product_cat":[158,134],"product_tag":[],"_links":{"self":[{"href":"https:\/\/www.livrariarema.com.br\/loja\/wp-json\/wp\/v2\/product\/106907"}],"collection":[{"href":"https:\/\/www.livrariarema.com.br\/loja\/wp-json\/wp\/v2\/product"}],"about":[{"href":"https:\/\/www.livrariarema.com.br\/loja\/wp-json\/wp\/v2\/types\/product"}],"replies":[{"embeddable":true,"href":"https:\/\/www.livrariarema.com.br\/loja\/wp-json\/wp\/v2\/comments?post=106907"}],"wp:featuredmedia":[{"embeddable":true,"href":"https:\/\/www.livrariarema.com.br\/loja\/wp-json\/wp\/v2\/media\/326085"}],"wp:attachment":[{"href":"https:\/\/www.livrariarema.com.br\/loja\/wp-json\/wp\/v2\/media?parent=106907"}],"wp:term":[{"taxonomy":"product_cat","embeddable":true,"href":"https:\/\/www.livrariarema.com.br\/loja\/wp-json\/wp\/v2\/product_cat?post=106907"},{"taxonomy":"product_tag","embeddable":true,"href":"https:\/\/www.livrariarema.com.br\/loja\/wp-json\/wp\/v2\/product_tag?post=106907"}],"curies":[{"name":"wp","href":"https:\/\/api.w.org\/{rel}","templated":true}]}}