{"id":107286,"date":"2021-09-28T17:42:09","date_gmt":"2021-09-28T20:42:09","guid":{"rendered":"https:\/\/www.livrariarema.com.br\/loja\/produtos\/sem%20categoria\/dia-a-dia-com-calvino-capa-dura\/"},"modified":"2025-09-29T16:47:25","modified_gmt":"2025-09-29T19:47:25","slug":"dia-a-dia-com-calvino-capa-dura","status":"publish","type":"product","link":"https:\/\/www.livrariarema.com.br\/loja\/produtos\/livros\/devocional\/dia-a-dia-com-calvino-capa-dura\/","title":{"rendered":"Dia A Dia Com Calvino &#8211; Capa Dura"},"content":{"rendered":"<p>H\u00e1 centenas de anos, os escritos de Jo\u00e3o Calvino (1509-64), permeados com seu pensamento cr\u00edtico e argumenta\u00e7\u00e3o teol\u00f3gica, t\u00eam impactado leitores diversificados ao redor do mundo. Dia a Dia com Jo\u00e3o Calvino traz 365 mensagens desse grande te\u00f3logo do s\u00e9culo 16 objetivando refor\u00e7ar seu ensino \u00e0queles j\u00e1 familiarizados com sua obra.<\/p>\n","protected":false},"excerpt":{"rendered":"<p>H\u00e1 centenas de anos, os escritos de Jo\u00e3o Calvino (1509-64), permeados com seu pensamento cr\u00edtico e argumenta\u00e7\u00e3o teol\u00f3gica, t\u00eam impactado&hellip;<\/p>\n","protected":false},"featured_media":338758,"comment_status":"open","ping_status":"closed","template":"","meta":[],"product_cat":[158,134],"product_tag":[],"_links":{"self":[{"href":"https:\/\/www.livrariarema.com.br\/loja\/wp-json\/wp\/v2\/product\/107286"}],"collection":[{"href":"https:\/\/www.livrariarema.com.br\/loja\/wp-json\/wp\/v2\/product"}],"about":[{"href":"https:\/\/www.livrariarema.com.br\/loja\/wp-json\/wp\/v2\/types\/product"}],"replies":[{"embeddable":true,"href":"https:\/\/www.livrariarema.com.br\/loja\/wp-json\/wp\/v2\/comments?post=107286"}],"wp:featuredmedia":[{"embeddable":true,"href":"https:\/\/www.livrariarema.com.br\/loja\/wp-json\/wp\/v2\/media\/338758"}],"wp:attachment":[{"href":"https:\/\/www.livrariarema.com.br\/loja\/wp-json\/wp\/v2\/media?parent=107286"}],"wp:term":[{"taxonomy":"product_cat","embeddable":true,"href":"https:\/\/www.livrariarema.com.br\/loja\/wp-json\/wp\/v2\/product_cat?post=107286"},{"taxonomy":"product_tag","embeddable":true,"href":"https:\/\/www.livrariarema.com.br\/loja\/wp-json\/wp\/v2\/product_tag?post=107286"}],"curies":[{"name":"wp","href":"https:\/\/api.w.org\/{rel}","templated":true}]}}