{"id":107288,"date":"2021-09-28T17:42:13","date_gmt":"2021-09-28T20:42:13","guid":{"rendered":"https:\/\/www.livrariarema.com.br\/loja\/produtos\/sem%20categoria\/dia-a-dia-com-os-puritanos-ingleses-capa-de-couro\/"},"modified":"2025-08-11T13:22:11","modified_gmt":"2025-08-11T16:22:11","slug":"dia-a-dia-com-os-puritanos-ingleses-capa-de-couro","status":"publish","type":"product","link":"https:\/\/www.livrariarema.com.br\/loja\/produtos\/livros\/devocional\/dia-a-dia-com-os-puritanos-ingleses-capa-de-couro\/","title":{"rendered":"Dia A Dia Com Os Puritanos Ingleses &#8211; Capa De Couro"},"content":{"rendered":"<p>As 366 reflex\u00f5es de Dia a dia com os Puritanos foram cuidadosamente selecionadas e editadas preservando a linha de pensamento original desses autores dos s\u00e9culos 16 e 17. As \u00faltimas p\u00e1ginas deste livro trazem uma breve biografia deles. A vida e a pr\u00e1tica dos puritanos, bem como a compreens\u00e3o desses homens sobre a piedade continuam incompar\u00e1veis.<\/p>\n","protected":false},"excerpt":{"rendered":"<p>As 366 reflex\u00f5es de Dia a dia com os Puritanos foram cuidadosamente selecionadas e editadas preservando a linha de pensamento&hellip;<\/p>\n","protected":false},"featured_media":335256,"comment_status":"open","ping_status":"closed","template":"","meta":[],"product_cat":[158,134],"product_tag":[],"_links":{"self":[{"href":"https:\/\/www.livrariarema.com.br\/loja\/wp-json\/wp\/v2\/product\/107288"}],"collection":[{"href":"https:\/\/www.livrariarema.com.br\/loja\/wp-json\/wp\/v2\/product"}],"about":[{"href":"https:\/\/www.livrariarema.com.br\/loja\/wp-json\/wp\/v2\/types\/product"}],"replies":[{"embeddable":true,"href":"https:\/\/www.livrariarema.com.br\/loja\/wp-json\/wp\/v2\/comments?post=107288"}],"wp:featuredmedia":[{"embeddable":true,"href":"https:\/\/www.livrariarema.com.br\/loja\/wp-json\/wp\/v2\/media\/335256"}],"wp:attachment":[{"href":"https:\/\/www.livrariarema.com.br\/loja\/wp-json\/wp\/v2\/media?parent=107288"}],"wp:term":[{"taxonomy":"product_cat","embeddable":true,"href":"https:\/\/www.livrariarema.com.br\/loja\/wp-json\/wp\/v2\/product_cat?post=107288"},{"taxonomy":"product_tag","embeddable":true,"href":"https:\/\/www.livrariarema.com.br\/loja\/wp-json\/wp\/v2\/product_tag?post=107288"}],"curies":[{"name":"wp","href":"https:\/\/api.w.org\/{rel}","templated":true}]}}