{"id":107726,"date":"2021-09-30T16:52:05","date_gmt":"2021-09-30T19:52:05","guid":{"rendered":"https:\/\/www.livrariarema.com.br\/loja\/produtos\/sem%20categoria\/peregrino-o-john-bunyan-edicao-ilustrada\/"},"modified":"2025-11-01T13:01:01","modified_gmt":"2025-11-01T16:01:01","slug":"peregrino-o-john-bunyan-edicao-ilustrada","status":"publish","type":"product","link":"https:\/\/www.livrariarema.com.br\/loja\/produtos\/livros\/ficcao\/peregrino-o-john-bunyan-edicao-ilustrada\/","title":{"rendered":"Peregrino, O &#8211; John Bunyan &#8211; Edi\u00e7\u00e3o Ilustrada"},"content":{"rendered":"<p>Desde o primeiro ano de sua publica\u00e7\u00e3o, em 1678, O Peregrino, obra cl\u00e1ssica de John Bunyan, oferece encorajamento \u00e0queles que procuram aperfei\u00e7oar a sua caminhada crist\u00e3.<\/p>\n<p>Usando de alegorias, o autor descreve sua jornada de f\u00e9 por meio de Crist\u00e3o, personagem principal, e dos demais personagens que retratam seus desafios, dificuldades e encorajamento durante sua jornada rumo \u00e0 Cidade Celestial.<\/p>\n<p>Esta bel\u00edssima edi\u00e7\u00e3o apresenta:<br \/>\n&#8211; Linguagem v\u00edvida e cativante<br \/>\n&#8211; Texto atualizado<br \/>\n&#8211; Gravuras de uma edi\u00e7\u00e3o inglesa de 1890<br \/>\n&#8211; Pref\u00e1cio de John Newton (autor do hino Amazing Grace, Preciosa gra\u00e7a &#8211; HCC 314)<br \/>\n&#8211; Biografia do autor<br \/>\n&#8211; Hist\u00f3ria das edi\u00e7\u00f5es do livro<br \/>\n&#8211; Narrativa encorajadora e poesias inspirativas<br \/>\n&#8211; Colorido   <\/p>\n","protected":false},"excerpt":{"rendered":"<p>Desde o primeiro ano de sua publica\u00e7\u00e3o, em 1678, O Peregrino, obra cl\u00e1ssica de John Bunyan, oferece encorajamento \u00e0queles que&hellip;<\/p>\n","protected":false},"featured_media":317976,"comment_status":"open","ping_status":"closed","template":"","meta":[],"product_cat":[162,134],"product_tag":[],"_links":{"self":[{"href":"https:\/\/www.livrariarema.com.br\/loja\/wp-json\/wp\/v2\/product\/107726"}],"collection":[{"href":"https:\/\/www.livrariarema.com.br\/loja\/wp-json\/wp\/v2\/product"}],"about":[{"href":"https:\/\/www.livrariarema.com.br\/loja\/wp-json\/wp\/v2\/types\/product"}],"replies":[{"embeddable":true,"href":"https:\/\/www.livrariarema.com.br\/loja\/wp-json\/wp\/v2\/comments?post=107726"}],"wp:featuredmedia":[{"embeddable":true,"href":"https:\/\/www.livrariarema.com.br\/loja\/wp-json\/wp\/v2\/media\/317976"}],"wp:attachment":[{"href":"https:\/\/www.livrariarema.com.br\/loja\/wp-json\/wp\/v2\/media?parent=107726"}],"wp:term":[{"taxonomy":"product_cat","embeddable":true,"href":"https:\/\/www.livrariarema.com.br\/loja\/wp-json\/wp\/v2\/product_cat?post=107726"},{"taxonomy":"product_tag","embeddable":true,"href":"https:\/\/www.livrariarema.com.br\/loja\/wp-json\/wp\/v2\/product_tag?post=107726"}],"curies":[{"name":"wp","href":"https:\/\/api.w.org\/{rel}","templated":true}]}}