{"id":108905,"date":"2021-10-05T11:24:17","date_gmt":"2021-10-05T14:24:17","guid":{"rendered":"https:\/\/www.livrariarema.com.br\/loja\/produtos\/sem%20categoria\/caderno-universitario-96-folhas-cadersil-notes\/"},"modified":"2024-10-30T12:06:55","modified_gmt":"2024-10-30T15:06:55","slug":"caderno-universitario-96-folhas-cadersil-notes","status":"publish","type":"product","link":"https:\/\/www.livrariarema.com.br\/loja\/produtos\/papelaria\/caderno\/caderno-universitario-96-folhas-cadersil-notes\/","title":{"rendered":"Caderno Universit\u00e1rio 96 Folhas &#8211; Cadersil &#8211; Notes"},"content":{"rendered":"<p>Diferenciais:<Br><br \/>\nEditorial, editorial, calend\u00e1rio 3 anos, miolo com microsserrilhas e espiral preto.<Br><br \/>\n<Br><br \/>\nInforma\u00e7\u00f5es T\u00e9cnicas:<Br><br \/>\n1 mat\u00e9ria com espiral &#8211; 96 folhas<Br><br \/>\n<Br><br \/>\n*** Verificar Disponibilidade de capas ***<Br><\/p>\n","protected":false},"excerpt":{"rendered":"<p>Diferenciais: Editorial, editorial, calend\u00e1rio 3 anos, miolo com microsserrilhas e espiral preto. Informa\u00e7\u00f5es T\u00e9cnicas: 1 mat\u00e9ria com espiral &#8211; 96&hellip;<\/p>\n","protected":false},"featured_media":180989,"comment_status":"open","ping_status":"closed","template":"","meta":[],"product_cat":[230,215],"product_tag":[],"_links":{"self":[{"href":"https:\/\/www.livrariarema.com.br\/loja\/wp-json\/wp\/v2\/product\/108905"}],"collection":[{"href":"https:\/\/www.livrariarema.com.br\/loja\/wp-json\/wp\/v2\/product"}],"about":[{"href":"https:\/\/www.livrariarema.com.br\/loja\/wp-json\/wp\/v2\/types\/product"}],"replies":[{"embeddable":true,"href":"https:\/\/www.livrariarema.com.br\/loja\/wp-json\/wp\/v2\/comments?post=108905"}],"wp:featuredmedia":[{"embeddable":true,"href":"https:\/\/www.livrariarema.com.br\/loja\/wp-json\/wp\/v2\/media\/180989"}],"wp:attachment":[{"href":"https:\/\/www.livrariarema.com.br\/loja\/wp-json\/wp\/v2\/media?parent=108905"}],"wp:term":[{"taxonomy":"product_cat","embeddable":true,"href":"https:\/\/www.livrariarema.com.br\/loja\/wp-json\/wp\/v2\/product_cat?post=108905"},{"taxonomy":"product_tag","embeddable":true,"href":"https:\/\/www.livrariarema.com.br\/loja\/wp-json\/wp\/v2\/product_tag?post=108905"}],"curies":[{"name":"wp","href":"https:\/\/api.w.org\/{rel}","templated":true}]}}