{"id":110153,"date":"2021-10-11T09:30:54","date_gmt":"2021-10-11T12:30:54","guid":{"rendered":"https:\/\/www.livrariarema.com.br\/loja\/produtos\/sem%20categoria\/redescobrindo-a-beleza-da-vida-lysa-terkeurst\/"},"modified":"2026-03-13T16:45:27","modified_gmt":"2026-03-13T19:45:27","slug":"redescobrindo-a-beleza-da-vida-lysa-terkeurst","status":"publish","type":"product","link":"https:\/\/www.livrariarema.com.br\/loja\/produtos\/livros\/cura-libertacao\/redescobrindo-a-beleza-da-vida-lysa-terkeurst\/","title":{"rendered":"Redescobrindo A Beleza Da Vida &#8211; Lysa Terkeurst"},"content":{"rendered":"<p>MUDAN\u00c7AS INDESEJADAS, dor, decep\u00e7\u00e3o, trai\u00e7\u00e3o, ang\u00fastia, medo, ansiedade, desesperan\u00e7a, rejei\u00e7\u00e3o, conflitos, solid\u00e3o&#8230; Essas coisas fazem parecer que a vida perdeu o seu encanto e a sua beleza. Todas n\u00f3s temos hist\u00f3rias com alguns desses elementos combinados, e n\u00e3o \u00e9 f\u00e1cil voltar a sorrir quando se est\u00e1 no meio da tormenta.<\/p>\n<p>Mesmo em meio a tudo isso que nos cerca, acredite nesta verdade: sua vida pode voltar a ser linda. Essa \u00e9 a tese testada e aprovada de Lysa TerKeurst, autora best-seller do New York Times.<\/p>\n<p>Em Redescobrindo a beleza da vida, Lysa compartilha como processou temporadas de decep\u00e7\u00e3o e desgosto, enquanto convida voc\u00ea a ter esperan\u00e7a novamente em Deus, que age nos bastidos para o nosso bem maior. Ela nos garante que a dor que sentimos \u00e9 a prova de que uma bela reconstru\u00e7\u00e3o j\u00e1 est\u00e1 em andamento, se n\u00e3o desistirmos. Por meio dessas devocionais incr\u00edveis baseadas nas Escrituras, voc\u00ea vai:<\/p>\n<p>Obter maneiras mais saud\u00e1veis de processar sua dor e aprender\u00e1 a ver suas situa\u00e7\u00f5es atrav\u00e9s de perspectivas baseadas na verdade.<\/p>\n<p>Ver que sua vida n\u00e3o se resume aos momentos ruins e perceber\u00e1 que com Deus sempre h\u00e1 agora mesmo algo mais verdadeiro, ador\u00e1vel e bom.<\/p>\n<p>Parar de se sentir sozinha em suas lutas, passando um tempo orientado com Deus todos os dias ao lado de Lysa, uma amiga que testemunhar\u00e1 suas dores, mas tamb\u00e9m ajudar\u00e1 voc\u00ea a seguir em frente.<\/p>\n<p>Descubra na companhia de Lysa o dom indescrit\u00edvel de Deus, que d\u00e1 vida at\u00e9 mesmo aos peda\u00e7os estilha\u00e7ados de nossas hist\u00f3rias, criando algo mais belo do que nunca.<\/p>\n<p>LYSA TERKEURST \u00e9 escritora, palestrante e presidente de Proverbs 31 Ministries. No meio de sua agenda lotada, Lysa \u00e9 uma mulher comum que simplesmente busca glorificar a Deus por meio de sua vida e da sua fam\u00edlia, com quem vive na Carolina do Norte, EUA.<\/p>\n","protected":false},"excerpt":{"rendered":"<p>MUDAN\u00c7AS INDESEJADAS, dor, decep\u00e7\u00e3o, trai\u00e7\u00e3o, ang\u00fastia, medo, ansiedade, desesperan\u00e7a, rejei\u00e7\u00e3o, conflitos, solid\u00e3o&#8230; Essas coisas fazem parecer que a vida perdeu&hellip;<\/p>\n","protected":false},"featured_media":346069,"comment_status":"open","ping_status":"closed","template":"","meta":[],"product_cat":[157,134],"product_tag":[],"_links":{"self":[{"href":"https:\/\/www.livrariarema.com.br\/loja\/wp-json\/wp\/v2\/product\/110153"}],"collection":[{"href":"https:\/\/www.livrariarema.com.br\/loja\/wp-json\/wp\/v2\/product"}],"about":[{"href":"https:\/\/www.livrariarema.com.br\/loja\/wp-json\/wp\/v2\/types\/product"}],"replies":[{"embeddable":true,"href":"https:\/\/www.livrariarema.com.br\/loja\/wp-json\/wp\/v2\/comments?post=110153"}],"wp:featuredmedia":[{"embeddable":true,"href":"https:\/\/www.livrariarema.com.br\/loja\/wp-json\/wp\/v2\/media\/346069"}],"wp:attachment":[{"href":"https:\/\/www.livrariarema.com.br\/loja\/wp-json\/wp\/v2\/media?parent=110153"}],"wp:term":[{"taxonomy":"product_cat","embeddable":true,"href":"https:\/\/www.livrariarema.com.br\/loja\/wp-json\/wp\/v2\/product_cat?post=110153"},{"taxonomy":"product_tag","embeddable":true,"href":"https:\/\/www.livrariarema.com.br\/loja\/wp-json\/wp\/v2\/product_tag?post=110153"}],"curies":[{"name":"wp","href":"https:\/\/api.w.org\/{rel}","templated":true}]}}