{"id":110263,"date":"2021-10-11T13:20:14","date_gmt":"2021-10-11T16:20:14","guid":{"rendered":"https:\/\/www.livrariarema.com.br\/loja\/produtos\/sem%20categoria\/21-irrefutaveis-leis-da-lideranca-as-john-c-maxwell\/"},"modified":"2026-04-25T13:10:43","modified_gmt":"2026-04-25T16:10:43","slug":"21-irrefutaveis-leis-da-lideranca-as-john-c-maxwell","status":"publish","type":"product","link":"https:\/\/www.livrariarema.com.br\/loja\/produtos\/livros\/lideranca\/21-irrefutaveis-leis-da-lideranca-as-john-c-maxwell\/","title":{"rendered":"21 Irrefut\u00e1veis Leis Da Lideran\u00e7a, As &#8211; John C. Maxwell"},"content":{"rendered":"<p>Uma receita comprovada para desenvolver o l\u00edder que existe em voc\u00ea <\/p>\n<p>Voc\u00ea se considera um verdadeiro l\u00edder? Como os seus liderados o veem? Essas duas perguntas s\u00e3o vitais para o exerc\u00edcio da lideran\u00e7a no mundo em que vivemos. N\u00e3o basta o conhecimento te\u00f3rico. Existem determinadas normas cuja pr\u00e1tica \u00e9 fundamental para o \u00eaxito de qualquer l\u00edder e de todo aquele que pretende exercer uma fun\u00e7\u00e3o de lideran\u00e7a. <\/p>\n<p>O autor best-seller John Maxwell aplicou tudo que aprendeu e est\u00e1 descrito em `As 21 Irrefut\u00e1veis Leis da Lideran\u00e7a`, tornando-se assim a maior autoridade nessa \u00e1rea nos Estados Unidos. <\/p>\n<p>Este livro vai auxiliar o leitor a desenvolver suas t\u00e9cnicas e pr\u00e1ticas de lideran\u00e7a, al\u00e9m de ser uma ferramenta \u00fanica para a forma\u00e7\u00e3o de novos l\u00edderes. O livro demonstra como essas leis de lideran\u00e7a s\u00e3o realmente irrefut\u00e1veis. Ele faz a ponte entre as teorias de lideran\u00e7a e sua aplica\u00e7\u00e3o no mundo real.<\/p>\n","protected":false},"excerpt":{"rendered":"<p>Uma receita comprovada para desenvolver o l\u00edder que existe em voc\u00ea Voc\u00ea se considera um verdadeiro l\u00edder? Como os seus&hellip;<\/p>\n","protected":false},"featured_media":343348,"comment_status":"open","ping_status":"closed","template":"","meta":[],"product_cat":[153,134],"product_tag":[],"_links":{"self":[{"href":"https:\/\/www.livrariarema.com.br\/loja\/wp-json\/wp\/v2\/product\/110263"}],"collection":[{"href":"https:\/\/www.livrariarema.com.br\/loja\/wp-json\/wp\/v2\/product"}],"about":[{"href":"https:\/\/www.livrariarema.com.br\/loja\/wp-json\/wp\/v2\/types\/product"}],"replies":[{"embeddable":true,"href":"https:\/\/www.livrariarema.com.br\/loja\/wp-json\/wp\/v2\/comments?post=110263"}],"wp:featuredmedia":[{"embeddable":true,"href":"https:\/\/www.livrariarema.com.br\/loja\/wp-json\/wp\/v2\/media\/343348"}],"wp:attachment":[{"href":"https:\/\/www.livrariarema.com.br\/loja\/wp-json\/wp\/v2\/media?parent=110263"}],"wp:term":[{"taxonomy":"product_cat","embeddable":true,"href":"https:\/\/www.livrariarema.com.br\/loja\/wp-json\/wp\/v2\/product_cat?post=110263"},{"taxonomy":"product_tag","embeddable":true,"href":"https:\/\/www.livrariarema.com.br\/loja\/wp-json\/wp\/v2\/product_tag?post=110263"}],"curies":[{"name":"wp","href":"https:\/\/api.w.org\/{rel}","templated":true}]}}