{"id":110346,"date":"2021-10-11T13:25:00","date_gmt":"2021-10-11T16:25:00","guid":{"rendered":"https:\/\/www.livrariarema.com.br\/loja\/produtos\/sem%20categoria\/biblia-da-mulher-de-fe-nvi-sheila-walsh-lirios-do-campo\/"},"modified":"2026-04-30T11:23:52","modified_gmt":"2026-04-30T14:23:52","slug":"biblia-da-mulher-de-fe-nvi-sheila-walsh-lirios-do-campo","status":"publish","type":"product","link":"https:\/\/www.livrariarema.com.br\/loja\/produtos\/biblias\/estudo-feminina\/biblia-da-mulher-de-fe-nvi-sheila-walsh-lirios-do-campo\/","title":{"rendered":"B\u00edblia Da Mulher De F\u00e9 &#8211; Nvi &#8211; Sheila Walsh &#8211; L\u00edrios Do Campo"},"content":{"rendered":"<p>A B\u00edblia da Mulher de F\u00e9 oferece inspira\u00e7\u00e3o e recursos especiais para leitoras em busca de uma comunh\u00e3o di\u00e1ria com Deus e sua Palavra. Al\u00e9m do texto das Escrituras Sagradas, s\u00e3o 366 devocionais com li\u00e7\u00f5es e conselhos valiosos.<\/p>\n<p>Nela, voc\u00ea encontrar\u00e1 estudos e notas de autoras mundialmente conhecidas, como Sheila Walsh, MaryGraham e Luci Swindoll. Al\u00e9m de contar com um projeto gr\u00e1fico em duas cores que facilita a identifica\u00e7\u00e3o de pontos importantes, ela traz uma edi\u00e7\u00e3o de luxo em courosoft (PU) com amarra\u00e7\u00e3o que agrega beleza e eleg\u00e2ncia a essa b\u00edblia.<\/p>\n<p>Possui linguagem NVI (Nova Vers\u00e3o Internacional) que \u00e9 baseada nos seguintes fundamentos: precis\u00e3o, beleza de estilo, clareza e dignidade, trazendo uma vers\u00e3o ao mesmo tempo fiel e contempor\u00e2nea.<\/p>\n<p>Caracter\u00edsticas:<br \/>\n&#8211; Texto na tradu\u00e7\u00e3o NVI (Nova Vers\u00e3o Internacional)<br \/>\n&#8211; Capa em CouroSoft (PU), com fechamento em tira, estilo carteira<br \/>\n -Base interna de l\u00e1tex para maior durabilidade e flexibilidade<br \/>\n&#8211; Costura perimetral (costura de linha &#8220;ao redor da borda da capa&#8221;)<br \/>\n&#8211; Fitilho colorido<br \/>\n&#8211; Lombada costurada para total abertura<br \/>\n&#8211; Indexa\u00e7\u00e3o tem\u00e1tica de textos devocionais e Escrituras relacionadas<br \/>\n&#8211; Projeto gr\u00e1fico em duas cores<br \/>\n&#8211; Diagrama\u00e7\u00e3o especial para tornar a leitura mais agrad\u00e1vel<br \/>\n&#8211; Artigos especiais para novas convertidas<br \/>\n&#8211; Biografia das Mulheres de F\u00e9 que colaboraram com a B\u00edblia<\/p>\n","protected":false},"excerpt":{"rendered":"<p>A B\u00edblia da Mulher de F\u00e9 oferece inspira\u00e7\u00e3o e recursos especiais para leitoras em busca de uma comunh\u00e3o di\u00e1ria com&hellip;<\/p>\n","protected":false},"featured_media":347785,"comment_status":"open","ping_status":"closed","template":"","meta":[],"product_cat":[139,175],"product_tag":[],"_links":{"self":[{"href":"https:\/\/www.livrariarema.com.br\/loja\/wp-json\/wp\/v2\/product\/110346"}],"collection":[{"href":"https:\/\/www.livrariarema.com.br\/loja\/wp-json\/wp\/v2\/product"}],"about":[{"href":"https:\/\/www.livrariarema.com.br\/loja\/wp-json\/wp\/v2\/types\/product"}],"replies":[{"embeddable":true,"href":"https:\/\/www.livrariarema.com.br\/loja\/wp-json\/wp\/v2\/comments?post=110346"}],"wp:featuredmedia":[{"embeddable":true,"href":"https:\/\/www.livrariarema.com.br\/loja\/wp-json\/wp\/v2\/media\/347785"}],"wp:attachment":[{"href":"https:\/\/www.livrariarema.com.br\/loja\/wp-json\/wp\/v2\/media?parent=110346"}],"wp:term":[{"taxonomy":"product_cat","embeddable":true,"href":"https:\/\/www.livrariarema.com.br\/loja\/wp-json\/wp\/v2\/product_cat?post=110346"},{"taxonomy":"product_tag","embeddable":true,"href":"https:\/\/www.livrariarema.com.br\/loja\/wp-json\/wp\/v2\/product_tag?post=110346"}],"curies":[{"name":"wp","href":"https:\/\/api.w.org\/{rel}","templated":true}]}}