{"id":110349,"date":"2021-10-11T13:25:09","date_gmt":"2021-10-11T16:25:09","guid":{"rendered":"https:\/\/www.livrariarema.com.br\/loja\/produtos\/sem%20categoria\/livre-leve-e-forte-luiza-agreste-nazareth\/"},"modified":"2026-02-25T15:42:45","modified_gmt":"2026-02-25T18:42:45","slug":"livre-leve-e-forte-luiza-agreste-nazareth","status":"publish","type":"product","link":"https:\/\/www.livrariarema.com.br\/loja\/produtos\/livros\/cura-libertacao\/livre-leve-e-forte-luiza-agreste-nazareth\/","title":{"rendered":"Livre, Leve E Forte &#8211; Luiza Agreste Nazareth"},"content":{"rendered":"<p>Ansiedade, inseguran\u00e7a, culpa, vergonha. Estes s\u00e3o alguns dos sentimentos que acometem cotidianamente mulheres no mundo todo. Na tentativa de se esconder e n\u00e3o ser vulner\u00e1vel, muitas erguem uma armadura em torno de si, em vez de viverem de forma livre, leve e forte.<\/p>\n<p>Neste livro, Luiza Nazareth conta como tamb\u00e9m passou por esse processo e como descobriu que caminhar junto ao Criador proporciona uma jornada mais leve, em que \u00e9 poss\u00edvel deixar a armadura cair e viver por inteiro. <br \/>\nA partir de sua experi\u00eancia, Luiza convida as leitoras a tamb\u00e9m olharem para suas vidas atrav\u00e9s das lentes do perd\u00e3o, da compaix\u00e3o e da gra\u00e7a, e n\u00e3o da culpa e do ressentimento. <br \/>\nN\u00e3o se trata de buscarem for\u00e7as sozinhas, mas adquira-la a partir da certeza de que h\u00e1 um Deus amoroso, que zela por suas filhas e v\u00ea nelas um valor maior do que poderiam imaginar.<\/p>\n","protected":false},"excerpt":{"rendered":"<p>Ansiedade, inseguran\u00e7a, culpa, vergonha. Estes s\u00e3o alguns dos sentimentos que acometem cotidianamente mulheres no mundo todo. Na tentativa de se&hellip;<\/p>\n","protected":false},"featured_media":345450,"comment_status":"open","ping_status":"closed","template":"","meta":[],"product_cat":[157,134],"product_tag":[],"_links":{"self":[{"href":"https:\/\/www.livrariarema.com.br\/loja\/wp-json\/wp\/v2\/product\/110349"}],"collection":[{"href":"https:\/\/www.livrariarema.com.br\/loja\/wp-json\/wp\/v2\/product"}],"about":[{"href":"https:\/\/www.livrariarema.com.br\/loja\/wp-json\/wp\/v2\/types\/product"}],"replies":[{"embeddable":true,"href":"https:\/\/www.livrariarema.com.br\/loja\/wp-json\/wp\/v2\/comments?post=110349"}],"wp:featuredmedia":[{"embeddable":true,"href":"https:\/\/www.livrariarema.com.br\/loja\/wp-json\/wp\/v2\/media\/345450"}],"wp:attachment":[{"href":"https:\/\/www.livrariarema.com.br\/loja\/wp-json\/wp\/v2\/media?parent=110349"}],"wp:term":[{"taxonomy":"product_cat","embeddable":true,"href":"https:\/\/www.livrariarema.com.br\/loja\/wp-json\/wp\/v2\/product_cat?post=110349"},{"taxonomy":"product_tag","embeddable":true,"href":"https:\/\/www.livrariarema.com.br\/loja\/wp-json\/wp\/v2\/product_tag?post=110349"}],"curies":[{"name":"wp","href":"https:\/\/api.w.org\/{rel}","templated":true}]}}