{"id":110356,"date":"2021-10-11T13:25:24","date_gmt":"2021-10-11T16:25:24","guid":{"rendered":"https:\/\/www.livrariarema.com.br\/loja\/produtos\/sem%20categoria\/plano-da-salvacao-o-b-b-warfield\/"},"modified":"2026-02-24T17:23:10","modified_gmt":"2026-02-24T20:23:10","slug":"plano-da-salvacao-o-b-b-warfield","status":"publish","type":"product","link":"https:\/\/www.livrariarema.com.br\/loja\/produtos\/promocao\/livros-promocao\/plano-da-salvacao-o-b-b-warfield\/","title":{"rendered":"Plano Da Salva\u00e7\u00e3o, O &#8211; B. B. Warfield"},"content":{"rendered":"<p>&#8220;O QUE DEUS PRECISA FAZER PARA NOS SALVAR?<\/p>\n<p>\u00c9 a essa pergunta que Benjamin B. Warfield (1851-1921), um dos \u00faltimos te\u00f3logos conservadores do renomado semin\u00e1rio de Princeton, busca responder nesta obra. O plano da salva\u00e7\u00e3o re\u00fane cinco palestras proferidas por Warfield, em 1914, acerca da doutrina da salva\u00e7\u00e3o, um dos pilares da f\u00e9 crist\u00e3 &#8211; e tamb\u00e9m motivo de muitos embates.<\/p>\n<p>De forma magistral, Warfield explora as concep\u00e7\u00f5es defendidas por diferentes tradi\u00e7\u00f5es crist\u00e3s e conclu\u00ed que a decis\u00e3o de crer que Deus se envolve diretamente na salva\u00e7\u00e3o de sua cria\u00e7\u00e3o e de que s\u00f3 ele tem o poder de redimir \u00e9 mais bem explicada pelo calvinismo. No entanto, mais do que uma defesa da tradi\u00e7\u00e3o reformada, Warfield dialoga de forma clara e teologicamente respons\u00e1vel com cada ponto de vista e assim &#8211; al\u00e9m de apresentar um panorama dessa doutrina &#8211; promove uma melhor compreens\u00e3o sobre o papel Deus na salva\u00e7\u00e3o.<\/p>\n","protected":false},"excerpt":{"rendered":"<p>&#8220;O QUE DEUS PRECISA FAZER PARA NOS SALVAR? \u00c9 a essa pergunta que Benjamin B. Warfield (1851-1921), um dos \u00faltimos&hellip;<\/p>\n","protected":false},"featured_media":345403,"comment_status":"open","ping_status":"closed","template":"","meta":[],"product_cat":[143,142],"product_tag":[],"_links":{"self":[{"href":"https:\/\/www.livrariarema.com.br\/loja\/wp-json\/wp\/v2\/product\/110356"}],"collection":[{"href":"https:\/\/www.livrariarema.com.br\/loja\/wp-json\/wp\/v2\/product"}],"about":[{"href":"https:\/\/www.livrariarema.com.br\/loja\/wp-json\/wp\/v2\/types\/product"}],"replies":[{"embeddable":true,"href":"https:\/\/www.livrariarema.com.br\/loja\/wp-json\/wp\/v2\/comments?post=110356"}],"wp:featuredmedia":[{"embeddable":true,"href":"https:\/\/www.livrariarema.com.br\/loja\/wp-json\/wp\/v2\/media\/345403"}],"wp:attachment":[{"href":"https:\/\/www.livrariarema.com.br\/loja\/wp-json\/wp\/v2\/media?parent=110356"}],"wp:term":[{"taxonomy":"product_cat","embeddable":true,"href":"https:\/\/www.livrariarema.com.br\/loja\/wp-json\/wp\/v2\/product_cat?post=110356"},{"taxonomy":"product_tag","embeddable":true,"href":"https:\/\/www.livrariarema.com.br\/loja\/wp-json\/wp\/v2\/product_tag?post=110356"}],"curies":[{"name":"wp","href":"https:\/\/api.w.org\/{rel}","templated":true}]}}