{"id":110695,"date":"2021-10-13T12:46:24","date_gmt":"2021-10-13T15:46:24","guid":{"rendered":"https:\/\/www.livrariarema.com.br\/loja\/produtos\/sem%20categoria\/arc65h-biblia-slim-com-harpa-preta\/"},"modified":"2025-11-10T14:10:47","modified_gmt":"2025-11-10T17:10:47","slug":"arc65h-biblia-slim-com-harpa-preta","status":"publish","type":"product","link":"https:\/\/www.livrariarema.com.br\/loja\/produtos\/biblias\/revista-corrigida-com-harpa\/arc65h-biblia-slim-com-harpa-preta\/","title":{"rendered":"Arc65h &#8211; B\u00edblia Slim Com Harpa &#8211; Preta"},"content":{"rendered":"<p>B\u00edblia Sagrada com Harpa Crist\u00e3 Slim<\/p>\n<p>Um novo padr\u00e3o de leveza, acabamento e conforto para quem gosta de ler e meditar nos ensinamentos da Palavra de Deus.<\/p>\n<p>Com capas belas e elegantes, feitas em um material agrad\u00e1vel ao tato e em diversas op\u00e7\u00f5es de cores, estas B\u00edblias tamb\u00e9m s\u00e3o muito leves. Na tradicional vers\u00e3o Almeida Revista e Corrigida e com a cl\u00e1ssica Harpa Crist\u00e3, as B\u00edblias modelo Slim s\u00e3o uma \u00f3tima op\u00e7\u00e3o tanto no uso di\u00e1rio quanto no congregacional.<\/p>\n","protected":false},"excerpt":{"rendered":"<p>B\u00edblia Sagrada com Harpa Crist\u00e3 Slim Um novo padr\u00e3o de leveza, acabamento e conforto para quem gosta de ler e&hellip;<\/p>\n","protected":false},"featured_media":335431,"comment_status":"open","ping_status":"closed","template":"","meta":[],"product_cat":[139,151],"product_tag":[],"_links":{"self":[{"href":"https:\/\/www.livrariarema.com.br\/loja\/wp-json\/wp\/v2\/product\/110695"}],"collection":[{"href":"https:\/\/www.livrariarema.com.br\/loja\/wp-json\/wp\/v2\/product"}],"about":[{"href":"https:\/\/www.livrariarema.com.br\/loja\/wp-json\/wp\/v2\/types\/product"}],"replies":[{"embeddable":true,"href":"https:\/\/www.livrariarema.com.br\/loja\/wp-json\/wp\/v2\/comments?post=110695"}],"wp:featuredmedia":[{"embeddable":true,"href":"https:\/\/www.livrariarema.com.br\/loja\/wp-json\/wp\/v2\/media\/335431"}],"wp:attachment":[{"href":"https:\/\/www.livrariarema.com.br\/loja\/wp-json\/wp\/v2\/media?parent=110695"}],"wp:term":[{"taxonomy":"product_cat","embeddable":true,"href":"https:\/\/www.livrariarema.com.br\/loja\/wp-json\/wp\/v2\/product_cat?post=110695"},{"taxonomy":"product_tag","embeddable":true,"href":"https:\/\/www.livrariarema.com.br\/loja\/wp-json\/wp\/v2\/product_tag?post=110695"}],"curies":[{"name":"wp","href":"https:\/\/api.w.org\/{rel}","templated":true}]}}