{"id":110715,"date":"2021-10-13T12:48:08","date_gmt":"2021-10-13T15:48:08","guid":{"rendered":"https:\/\/www.livrariarema.com.br\/loja\/produtos\/sem%20categoria\/arc085hlgilv-biblia-com-harpa-letra-gigante-preta\/"},"modified":"2025-10-15T15:30:39","modified_gmt":"2025-10-15T18:30:39","slug":"arc085hlgilv-biblia-com-harpa-letra-gigante-preta","status":"publish","type":"product","link":"https:\/\/www.livrariarema.com.br\/loja\/produtos\/biblias\/revista-corrigida-com-harpa\/arc085hlgilv-biblia-com-harpa-letra-gigante-preta\/","title":{"rendered":"Arc085hlgilv &#8211; B\u00edblia Com Harpa &#8211; Letra Gigante &#8211; Preta"},"content":{"rendered":"<p>Esta B\u00edblia possui visual agrad\u00e1vel, de f\u00e1cil leitura, LETRA GIGANTE, borda dourada, com as palavras de Jesus em vermelho, com a letra dos 636 hinos da Harpa Crist\u00e3. Vem tamb\u00e9m com mapas, se\u00e7\u00e3o de aux\u00edlios, notas e refer\u00eancias. A tradu\u00e7\u00e3o em portugu\u00eas do texto b\u00edblico vem na vers\u00e3o Jo\u00e3o Ferreira de Almeida Revista e Corrigida de 2009. Perfeita para sua medita\u00e7\u00e3o na Palavra de Deus e tamb\u00e9m um \u00f3timo presente para amigos e familiares.<\/p>\n<p>Nela voc\u00ea encontra:<br \/>\n&#8211; Harpa<br \/>\n&#8211; Mapas<br \/>\n&#8211; Marcador de B\u00edblia<br \/>\n&#8211; Fala de Jesus em Vermelho<br \/>\n&#8211; \u00cdndice de Assuntos<br \/>\n&#8211; \u00cdndice das Primeiras Linhas das Estrofes<\/p>\n","protected":false},"excerpt":{"rendered":"<p>Esta B\u00edblia possui visual agrad\u00e1vel, de f\u00e1cil leitura, LETRA GIGANTE, borda dourada, com as palavras de Jesus em vermelho, com&hellip;<\/p>\n","protected":false},"featured_media":338258,"comment_status":"open","ping_status":"closed","template":"","meta":[],"product_cat":[139,151],"product_tag":[],"_links":{"self":[{"href":"https:\/\/www.livrariarema.com.br\/loja\/wp-json\/wp\/v2\/product\/110715"}],"collection":[{"href":"https:\/\/www.livrariarema.com.br\/loja\/wp-json\/wp\/v2\/product"}],"about":[{"href":"https:\/\/www.livrariarema.com.br\/loja\/wp-json\/wp\/v2\/types\/product"}],"replies":[{"embeddable":true,"href":"https:\/\/www.livrariarema.com.br\/loja\/wp-json\/wp\/v2\/comments?post=110715"}],"wp:featuredmedia":[{"embeddable":true,"href":"https:\/\/www.livrariarema.com.br\/loja\/wp-json\/wp\/v2\/media\/338258"}],"wp:attachment":[{"href":"https:\/\/www.livrariarema.com.br\/loja\/wp-json\/wp\/v2\/media?parent=110715"}],"wp:term":[{"taxonomy":"product_cat","embeddable":true,"href":"https:\/\/www.livrariarema.com.br\/loja\/wp-json\/wp\/v2\/product_cat?post=110715"},{"taxonomy":"product_tag","embeddable":true,"href":"https:\/\/www.livrariarema.com.br\/loja\/wp-json\/wp\/v2\/product_tag?post=110715"}],"curies":[{"name":"wp","href":"https:\/\/api.w.org\/{rel}","templated":true}]}}