{"id":110831,"date":"2021-10-13T12:56:27","date_gmt":"2021-10-13T15:56:27","guid":{"rendered":"https:\/\/www.livrariarema.com.br\/loja\/produtos\/sem%20categoria\/biblia-de-estudo-cronologica-aplicacao-pessoal-marrom-tarja-verde\/"},"modified":"2025-12-05T16:40:37","modified_gmt":"2025-12-05T19:40:37","slug":"biblia-de-estudo-cronologica-aplicacao-pessoal-marrom-tarja-verde","status":"publish","type":"product","link":"https:\/\/www.livrariarema.com.br\/loja\/produtos\/biblias\/estudo\/biblia-de-estudo-cronologica-aplicacao-pessoal-marrom-tarja-verde\/","title":{"rendered":"B\u00edblia De Estudo Cronol\u00f3gica Aplica\u00e7\u00e3o Pessoal &#8211; Marrom Tarja Verde"},"content":{"rendered":"<p>A B\u00edblia \u00e9 a hist\u00f3ria da intera\u00e7\u00e3o de Deus com sua cria\u00e7\u00e3o. \u00c9 uma hist\u00f3ria que ocorre ao longo do tempo, em muitos lugares, e atrav\u00e9s de muitos eventos. Ele inclui as vidas e as li\u00e7\u00f5es aprendidas por muitas pessoas de muitas culturas. Muitas vezes \u00e9 f\u00e1cil perder de vista a forma como a hist\u00f3ria de Deus se encaixa quando a nossa principal forma de olhar para a B\u00edblia \u00e9 um pouco aqui e um pouco ali.<\/p>\n<p>A nova e colorida B\u00edblia de Estudo Aplica\u00e7\u00e3o Pessoal Cronol\u00f3gica combina os recursos da B\u00edblia de Estudo Aplica\u00e7\u00e3o Pessoal com um formato cronol\u00f3gico e v\u00e1rios novos recursos. A B\u00edblia \u00e9 organizada em 10 se\u00e7\u00f5es cronol\u00f3gicas que o auxiliar\u00e3o a ver como as v\u00e1rias partes da B\u00edblia se encaixam. Novas introdu\u00e7\u00f5es de se\u00e7\u00e3o e cronogramas definem o cen\u00e1rio para as passagens em cada se\u00e7\u00e3o. Novas notas e fotografias arqueol\u00f3gicas ajudam a trazer a hist\u00f3ria de Deus para a sua vida de uma forma totalmente nova. E, \u00e9 claro, os recursos de Aplica\u00e7\u00e3o Pessoal que o ajudar\u00e3o a utilizar tudo o que voc\u00ea aprender.<\/p>\n<p>Experimente toda a extens\u00e3o da Palavra de Deus lendo na ordem em que aconteceu.<br \/>\nAproxime-se do mundo da B\u00edblia com cativantes &#8220;insights&#8221; arqueol\u00f3gicos.<br \/>\nAprenda como usar a palavra de Deus em sua vida com as notas da B\u00edblia de Aplica\u00e7\u00e3o Pessoal mas confi\u00e1vel de hoje.<br \/>\nRepleta de mapas coloridos, fotos e ilustra\u00e7\u00f5es que d\u00e3o vida ao texto b\u00edblico como nunca antes.<br \/>\nExperimente os eventos dos Evangelhos em ordem cronol\u00f3gica e compreenda a vida de Jesus de uma forma totalmente nova.<br \/>\n30.000 notas de rodap\u00e9 divididas em 10 eras b\u00edblicas.<\/p>\n","protected":false},"excerpt":{"rendered":"<p>A B\u00edblia \u00e9 a hist\u00f3ria da intera\u00e7\u00e3o de Deus com sua cria\u00e7\u00e3o. \u00c9 uma hist\u00f3ria que ocorre ao longo do&hellip;<\/p>\n","protected":false},"featured_media":329458,"comment_status":"open","ping_status":"closed","template":"","meta":[],"product_cat":[139,140],"product_tag":[],"_links":{"self":[{"href":"https:\/\/www.livrariarema.com.br\/loja\/wp-json\/wp\/v2\/product\/110831"}],"collection":[{"href":"https:\/\/www.livrariarema.com.br\/loja\/wp-json\/wp\/v2\/product"}],"about":[{"href":"https:\/\/www.livrariarema.com.br\/loja\/wp-json\/wp\/v2\/types\/product"}],"replies":[{"embeddable":true,"href":"https:\/\/www.livrariarema.com.br\/loja\/wp-json\/wp\/v2\/comments?post=110831"}],"wp:featuredmedia":[{"embeddable":true,"href":"https:\/\/www.livrariarema.com.br\/loja\/wp-json\/wp\/v2\/media\/329458"}],"wp:attachment":[{"href":"https:\/\/www.livrariarema.com.br\/loja\/wp-json\/wp\/v2\/media?parent=110831"}],"wp:term":[{"taxonomy":"product_cat","embeddable":true,"href":"https:\/\/www.livrariarema.com.br\/loja\/wp-json\/wp\/v2\/product_cat?post=110831"},{"taxonomy":"product_tag","embeddable":true,"href":"https:\/\/www.livrariarema.com.br\/loja\/wp-json\/wp\/v2\/product_tag?post=110831"}],"curies":[{"name":"wp","href":"https:\/\/api.w.org\/{rel}","templated":true}]}}