{"id":112895,"date":"2021-10-20T10:16:00","date_gmt":"2021-10-20T13:16:00","guid":{"rendered":"https:\/\/www.livrariarema.com.br\/loja\/produtos\/sem%20categoria\/caneta-rollerball-uni-ball-air-0-7mm-azul\/"},"modified":"2025-09-02T14:16:18","modified_gmt":"2025-09-02T17:16:18","slug":"caneta-rollerball-uni-ball-air-0-7mm-azul","status":"publish","type":"product","link":"https:\/\/www.livrariarema.com.br\/loja\/produtos\/papelaria\/canetas\/caneta-rollerball-uni-ball-air-0-7mm-azul\/","title":{"rendered":"Caneta &#8211; Uni Air &#8211; Rollerball &#8211; 0.7Mm &#8211; Azul"},"content":{"rendered":"<p>Especifica\u00e7\u00f5es t\u00e9cnicas:<br \/>\n&#8211; Escrita flu\u00edda<br \/>\n&#8211; Escreve em qualquer \u00e2ngulo<br \/>\n&#8211; Corpo de pl\u00e1stico, tampa segura<br \/>\n&#8211; Ponta de 0,7 mm<br \/>\n&#8211; Tinta azul pigmentada \u00e0 prova de \u00e1gua<br \/>\n&#8211; Anti-fraude<\/p>\n<p>Selo de registro Inmetro: 006 197\/2015<\/p>\n","protected":false},"excerpt":{"rendered":"<p>Especifica\u00e7\u00f5es t\u00e9cnicas: &#8211; Escrita flu\u00edda &#8211; Escreve em qualquer \u00e2ngulo &#8211; Corpo de pl\u00e1stico, tampa segura &#8211; Ponta de 0,7&hellip;<\/p>\n","protected":false},"featured_media":336110,"comment_status":"open","ping_status":"closed","template":"","meta":[],"product_cat":[216,215],"product_tag":[],"_links":{"self":[{"href":"https:\/\/www.livrariarema.com.br\/loja\/wp-json\/wp\/v2\/product\/112895"}],"collection":[{"href":"https:\/\/www.livrariarema.com.br\/loja\/wp-json\/wp\/v2\/product"}],"about":[{"href":"https:\/\/www.livrariarema.com.br\/loja\/wp-json\/wp\/v2\/types\/product"}],"replies":[{"embeddable":true,"href":"https:\/\/www.livrariarema.com.br\/loja\/wp-json\/wp\/v2\/comments?post=112895"}],"wp:featuredmedia":[{"embeddable":true,"href":"https:\/\/www.livrariarema.com.br\/loja\/wp-json\/wp\/v2\/media\/336110"}],"wp:attachment":[{"href":"https:\/\/www.livrariarema.com.br\/loja\/wp-json\/wp\/v2\/media?parent=112895"}],"wp:term":[{"taxonomy":"product_cat","embeddable":true,"href":"https:\/\/www.livrariarema.com.br\/loja\/wp-json\/wp\/v2\/product_cat?post=112895"},{"taxonomy":"product_tag","embeddable":true,"href":"https:\/\/www.livrariarema.com.br\/loja\/wp-json\/wp\/v2\/product_tag?post=112895"}],"curies":[{"name":"wp","href":"https:\/\/api.w.org\/{rel}","templated":true}]}}