{"id":112902,"date":"2021-10-20T10:16:17","date_gmt":"2021-10-20T13:16:17","guid":{"rendered":"https:\/\/www.livrariarema.com.br\/loja\/produtos\/sem%20categoria\/caneta-esferografica-uni-ball-laknock-1-0mm-preto\/"},"modified":"2026-01-06T14:01:39","modified_gmt":"2026-01-06T17:01:39","slug":"caneta-esferografica-uni-ball-laknock-1-0mm-preto","status":"publish","type":"product","link":"https:\/\/www.livrariarema.com.br\/loja\/produtos\/papelaria\/canetas\/caneta-esferografica-uni-ball-laknock-1-0mm-preto\/","title":{"rendered":"Caneta Esferogr\u00e1fica &#8211; Uni Laknock &#8211; 1.0Mm &#8211; Preto"},"content":{"rendered":"<p>Ponta: 1,0 mm de tugst\u00eanio que permite uma escria r\u00e1pida e menor atrito sobre o papel<br \/>\n&#8211; Escrita macia<br \/>\n&#8211; Cor da carga: preta<br \/>\n&#8211; Caneta Retr\u00e1til com grip emborrachado<br \/>\n&#8211; Origem: Jap\u00e3o<\/p>\n<p>Selo de registro Inmetro: 006 197\/2015<\/p>\n","protected":false},"excerpt":{"rendered":"<p>Ponta: 1,0 mm de tugst\u00eanio que permite uma escria r\u00e1pida e menor atrito sobre o papel &#8211; Escrita macia &#8211;&hellip;<\/p>\n","protected":false},"featured_media":336140,"comment_status":"open","ping_status":"closed","template":"","meta":[],"product_cat":[216,215],"product_tag":[],"_links":{"self":[{"href":"https:\/\/www.livrariarema.com.br\/loja\/wp-json\/wp\/v2\/product\/112902"}],"collection":[{"href":"https:\/\/www.livrariarema.com.br\/loja\/wp-json\/wp\/v2\/product"}],"about":[{"href":"https:\/\/www.livrariarema.com.br\/loja\/wp-json\/wp\/v2\/types\/product"}],"replies":[{"embeddable":true,"href":"https:\/\/www.livrariarema.com.br\/loja\/wp-json\/wp\/v2\/comments?post=112902"}],"wp:featuredmedia":[{"embeddable":true,"href":"https:\/\/www.livrariarema.com.br\/loja\/wp-json\/wp\/v2\/media\/336140"}],"wp:attachment":[{"href":"https:\/\/www.livrariarema.com.br\/loja\/wp-json\/wp\/v2\/media?parent=112902"}],"wp:term":[{"taxonomy":"product_cat","embeddable":true,"href":"https:\/\/www.livrariarema.com.br\/loja\/wp-json\/wp\/v2\/product_cat?post=112902"},{"taxonomy":"product_tag","embeddable":true,"href":"https:\/\/www.livrariarema.com.br\/loja\/wp-json\/wp\/v2\/product_tag?post=112902"}],"curies":[{"name":"wp","href":"https:\/\/api.w.org\/{rel}","templated":true}]}}