{"id":113037,"date":"2021-10-20T10:32:07","date_gmt":"2021-10-20T13:32:07","guid":{"rendered":"https:\/\/www.livrariarema.com.br\/loja\/produtos\/sem%20categoria\/caneta-uni-pin-0-5mm-cinza-escuro\/"},"modified":"2025-09-02T14:17:00","modified_gmt":"2025-09-02T17:17:00","slug":"caneta-uni-pin-0-5mm-cinza-escuro","status":"publish","type":"product","link":"https:\/\/www.livrariarema.com.br\/loja\/produtos\/papelaria\/canetas\/caneta-uni-pin-0-5mm-cinza-escuro\/","title":{"rendered":"Caneta &#8211; Uni Pin &#8211; 0.5Mm &#8211; Cinza Escuro"},"content":{"rendered":"<p>A caneta Uni-pin tem ponta sint\u00e9tica, possui 2 gradua\u00e7\u00f5es. Estudantes e profissionais de \u00e1reas t\u00e9cnicas como arquitetos, engenheiros, estilistas e outros t\u00eam na UNI-PIN um grande companheiro de trabalho.<br \/>\nEspecifica\u00e7\u00f5es T\u00e9cnicas: <br \/>\nPonta poli\u00e9ster<br \/>\nPonteira de metal com aproximadamente 3mm<br \/>\nTinta resistente \u00e0 \u00e1gua e luz<br \/>\nOrigem da Marca: Jap\u00e3o<br \/>\nPonta de poliester<br \/>\nCor da carga: Cinza Escuro<br \/>\nOrigem: Jap\u00e3o<\/p>\n","protected":false},"excerpt":{"rendered":"<p>A caneta Uni-pin tem ponta sint\u00e9tica, possui 2 gradua\u00e7\u00f5es. Estudantes e profissionais de \u00e1reas t\u00e9cnicas como arquitetos, engenheiros, estilistas e&hellip;<\/p>\n","protected":false},"featured_media":336117,"comment_status":"open","ping_status":"closed","template":"","meta":[],"product_cat":[216,215],"product_tag":[],"_links":{"self":[{"href":"https:\/\/www.livrariarema.com.br\/loja\/wp-json\/wp\/v2\/product\/113037"}],"collection":[{"href":"https:\/\/www.livrariarema.com.br\/loja\/wp-json\/wp\/v2\/product"}],"about":[{"href":"https:\/\/www.livrariarema.com.br\/loja\/wp-json\/wp\/v2\/types\/product"}],"replies":[{"embeddable":true,"href":"https:\/\/www.livrariarema.com.br\/loja\/wp-json\/wp\/v2\/comments?post=113037"}],"wp:featuredmedia":[{"embeddable":true,"href":"https:\/\/www.livrariarema.com.br\/loja\/wp-json\/wp\/v2\/media\/336117"}],"wp:attachment":[{"href":"https:\/\/www.livrariarema.com.br\/loja\/wp-json\/wp\/v2\/media?parent=113037"}],"wp:term":[{"taxonomy":"product_cat","embeddable":true,"href":"https:\/\/www.livrariarema.com.br\/loja\/wp-json\/wp\/v2\/product_cat?post=113037"},{"taxonomy":"product_tag","embeddable":true,"href":"https:\/\/www.livrariarema.com.br\/loja\/wp-json\/wp\/v2\/product_tag?post=113037"}],"curies":[{"name":"wp","href":"https:\/\/api.w.org\/{rel}","templated":true}]}}