{"id":113039,"date":"2021-10-20T10:32:11","date_gmt":"2021-10-20T13:32:11","guid":{"rendered":"https:\/\/www.livrariarema.com.br\/loja\/produtos\/sem%20categoria\/caneta-uni-pin-0-5mm-cinza\/"},"modified":"2026-02-28T09:30:28","modified_gmt":"2026-02-28T12:30:28","slug":"caneta-uni-pin-0-5mm-cinza","status":"publish","type":"product","link":"https:\/\/www.livrariarema.com.br\/loja\/produtos\/papelaria\/canetas\/caneta-uni-pin-0-5mm-cinza\/","title":{"rendered":"Caneta &#8211; Uni Pin &#8211; 0.5Mm &#8211; Cinza Claro"},"content":{"rendered":"<p>A caneta Uni Pin \u00e9 um marcador de ponta ultrafina ideal para trabalhos de arte, esbo\u00e7os, stencils e desenho t\u00e9cnico. Com fluxo suave de tinta e alta precis\u00e3o, a tinta \u00e9 \u00e0 prova de \u00e1gua e resistente ao envelhecimento. <br \/>\n&#8211; Caneta t\u00e9cnica tipo nanquim com clip de metal e ponta de poli\u00e9ster que favorece o fluxo da tinta, facilitando \u00e0 escrita. <br \/>\nCorpo e tampa em PP de maior resist\u00eancia. <br \/>\nPossui tampa com janela para visualiza\u00e7\u00e3o. Caneta descart\u00e1vel, n\u00e3o recarreg\u00e1vel. Espessura da escrita informada no topo da tampa. <br \/>\n&#8211; Caracter\u00edsticas: <Br><br \/>\nPonta de poli\u00e9ster <br \/>\nPonteira de metal <Br><br \/>\nCor da tinta: light grey <br \/>\nTra\u00e7o: 0.5mm <br \/>\nResistente \u00e0 agua <br \/>\nAten\u00e7\u00e3o: Imagem meramente ilustrativa. <Br><br \/>\nAs tonalidades de cores podem variar de acordo com as configura\u00e7\u00f5es de seu monitor ou celular. O Fabricante\/Fornecedor pode alterar detalhes nos produtos, acess\u00f3rios, etc, sem aviso pr\u00e9vio.<\/p>\n<p>Registro Inmetro: N\u00e3o se Aplica. Uso Profissional<\/p>\n","protected":false},"excerpt":{"rendered":"<p>A caneta Uni Pin \u00e9 um marcador de ponta ultrafina ideal para trabalhos de arte, esbo\u00e7os, stencils e desenho t\u00e9cnico.&hellip;<\/p>\n","protected":false},"featured_media":338089,"comment_status":"open","ping_status":"closed","template":"","meta":[],"product_cat":[216,215],"product_tag":[],"_links":{"self":[{"href":"https:\/\/www.livrariarema.com.br\/loja\/wp-json\/wp\/v2\/product\/113039"}],"collection":[{"href":"https:\/\/www.livrariarema.com.br\/loja\/wp-json\/wp\/v2\/product"}],"about":[{"href":"https:\/\/www.livrariarema.com.br\/loja\/wp-json\/wp\/v2\/types\/product"}],"replies":[{"embeddable":true,"href":"https:\/\/www.livrariarema.com.br\/loja\/wp-json\/wp\/v2\/comments?post=113039"}],"wp:featuredmedia":[{"embeddable":true,"href":"https:\/\/www.livrariarema.com.br\/loja\/wp-json\/wp\/v2\/media\/338089"}],"wp:attachment":[{"href":"https:\/\/www.livrariarema.com.br\/loja\/wp-json\/wp\/v2\/media?parent=113039"}],"wp:term":[{"taxonomy":"product_cat","embeddable":true,"href":"https:\/\/www.livrariarema.com.br\/loja\/wp-json\/wp\/v2\/product_cat?post=113039"},{"taxonomy":"product_tag","embeddable":true,"href":"https:\/\/www.livrariarema.com.br\/loja\/wp-json\/wp\/v2\/product_tag?post=113039"}],"curies":[{"name":"wp","href":"https:\/\/api.w.org\/{rel}","templated":true}]}}