{"id":113229,"date":"2021-10-20T10:42:53","date_gmt":"2021-10-20T13:42:53","guid":{"rendered":"https:\/\/www.livrariarema.com.br\/loja\/produtos\/sem%20categoria\/caneta-uni-pin-brush-preta\/"},"modified":"2026-04-01T11:41:47","modified_gmt":"2026-04-01T14:41:47","slug":"caneta-uni-pin-brush-preta","status":"publish","type":"product","link":"https:\/\/www.livrariarema.com.br\/loja\/produtos\/papelaria\/canetas\/caneta-uni-pin-brush-preta\/","title":{"rendered":"Caneta &#8211; Uni Pin &#8211; Brush &#8211; Preta"},"content":{"rendered":"<p>A caneta Uni-pin tem ponta levemente fex\u00edvel. Estudantes e profissionais de \u00e1reas t\u00e9cnicas como arquitetos, engenheiros, estilistas e outros t\u00eam na UNI-PIN um grande companheiro de trabalho.<\/p>\n<p>Especifica\u00e7\u00f5es T\u00e9cnicas: <br \/>\nPonta poli\u00e9ster<br \/>\nPonteira de pl\u00e1stico<br \/>\nTinta resistente \u00e0 \u00e1gua e luz<\/p>\n<p>Origem da Marca: Jap\u00e3o<\/p>\n","protected":false},"excerpt":{"rendered":"<p>A caneta Uni-pin tem ponta levemente fex\u00edvel. Estudantes e profissionais de \u00e1reas t\u00e9cnicas como arquitetos, engenheiros, estilistas e outros t\u00eam&hellip;<\/p>\n","protected":false},"featured_media":336121,"comment_status":"open","ping_status":"closed","template":"","meta":[],"product_cat":[216,215],"product_tag":[],"_links":{"self":[{"href":"https:\/\/www.livrariarema.com.br\/loja\/wp-json\/wp\/v2\/product\/113229"}],"collection":[{"href":"https:\/\/www.livrariarema.com.br\/loja\/wp-json\/wp\/v2\/product"}],"about":[{"href":"https:\/\/www.livrariarema.com.br\/loja\/wp-json\/wp\/v2\/types\/product"}],"replies":[{"embeddable":true,"href":"https:\/\/www.livrariarema.com.br\/loja\/wp-json\/wp\/v2\/comments?post=113229"}],"wp:featuredmedia":[{"embeddable":true,"href":"https:\/\/www.livrariarema.com.br\/loja\/wp-json\/wp\/v2\/media\/336121"}],"wp:attachment":[{"href":"https:\/\/www.livrariarema.com.br\/loja\/wp-json\/wp\/v2\/media?parent=113229"}],"wp:term":[{"taxonomy":"product_cat","embeddable":true,"href":"https:\/\/www.livrariarema.com.br\/loja\/wp-json\/wp\/v2\/product_cat?post=113229"},{"taxonomy":"product_tag","embeddable":true,"href":"https:\/\/www.livrariarema.com.br\/loja\/wp-json\/wp\/v2\/product_tag?post=113229"}],"curies":[{"name":"wp","href":"https:\/\/api.w.org\/{rel}","templated":true}]}}