{"id":113450,"date":"2021-10-20T17:35:15","date_gmt":"2021-10-20T20:35:15","guid":{"rendered":"https:\/\/www.livrariarema.com.br\/loja\/produtos\/sem%20categoria\/caneta-rollerball-uni-ball-deluxe-0-3mm-preta\/"},"modified":"2026-03-28T10:50:48","modified_gmt":"2026-03-28T13:50:48","slug":"caneta-rollerball-uni-ball-deluxe-0-3mm-preta","status":"publish","type":"product","link":"https:\/\/www.livrariarema.com.br\/loja\/produtos\/papelaria\/canetas\/caneta-rollerball-uni-ball-deluxe-0-3mm-preta\/","title":{"rendered":"Caneta &#8211; Uni Deluxe &#8211; Rollerball &#8211; 0.7Mm &#8211; Preta"},"content":{"rendered":"<p>Performance perfeita at\u00e9 a \u00faltima gota. Esta caneta tem tinta antifraude, viscosidade perfeita e secagem r\u00e1pida; perfeita para a escrita do dia a dia sem te deixar na m\u00e3o.<\/p>\n<p>&#8211; Ponta: a\u00e7o inoxid\u00e1vel<br \/>\n&#8211; Tra\u00e7o: 0.7mm UB-177<br \/>\n&#8211; \u00e0 prova d`\u00e1gua<br \/>\n&#8211; Secagem r\u00e1pida<\/p>\n","protected":false},"excerpt":{"rendered":"<p>Performance perfeita at\u00e9 a \u00faltima gota. Esta caneta tem tinta antifraude, viscosidade perfeita e secagem r\u00e1pida; perfeita para a escrita&hellip;<\/p>\n","protected":false},"featured_media":336134,"comment_status":"open","ping_status":"closed","template":"","meta":[],"product_cat":[216,215],"product_tag":[],"_links":{"self":[{"href":"https:\/\/www.livrariarema.com.br\/loja\/wp-json\/wp\/v2\/product\/113450"}],"collection":[{"href":"https:\/\/www.livrariarema.com.br\/loja\/wp-json\/wp\/v2\/product"}],"about":[{"href":"https:\/\/www.livrariarema.com.br\/loja\/wp-json\/wp\/v2\/types\/product"}],"replies":[{"embeddable":true,"href":"https:\/\/www.livrariarema.com.br\/loja\/wp-json\/wp\/v2\/comments?post=113450"}],"wp:featuredmedia":[{"embeddable":true,"href":"https:\/\/www.livrariarema.com.br\/loja\/wp-json\/wp\/v2\/media\/336134"}],"wp:attachment":[{"href":"https:\/\/www.livrariarema.com.br\/loja\/wp-json\/wp\/v2\/media?parent=113450"}],"wp:term":[{"taxonomy":"product_cat","embeddable":true,"href":"https:\/\/www.livrariarema.com.br\/loja\/wp-json\/wp\/v2\/product_cat?post=113450"},{"taxonomy":"product_tag","embeddable":true,"href":"https:\/\/www.livrariarema.com.br\/loja\/wp-json\/wp\/v2\/product_tag?post=113450"}],"curies":[{"name":"wp","href":"https:\/\/api.w.org\/{rel}","templated":true}]}}