{"id":113578,"date":"2021-10-21T08:52:08","date_gmt":"2021-10-21T11:52:08","guid":{"rendered":"https:\/\/www.livrariarema.com.br\/loja\/produtos\/sem%20categoria\/bloco-aquarela-cis-graf-a4-12-folhas-300-g-m%c2%b2\/"},"modified":"2024-10-28T10:53:02","modified_gmt":"2024-10-28T13:53:02","slug":"bloco-aquarela-cis-graf-a4-12-folhas-300-g-m%c2%b2","status":"publish","type":"product","link":"https:\/\/www.livrariarema.com.br\/loja\/produtos\/papelaria\/bloco\/bloco-aquarela-cis-graf-a4-12-folhas-300-g-m%c2%b2\/","title":{"rendered":"Bloco Aquarela &#8211; Cis Graf &#8211; A4 &#8211; 12 Folhas &#8211; 300 G\/M\u00b2"},"content":{"rendered":"<p>Bloco Livro Aquarela 300gr A4 12 Folhas Cis Graf <\/p>\n<p>O bloco cont\u00e9m 12 folhas de papel 300gr para Aquarela<\/p>\n<p>Tamanho A4 (210 x 297 mm)<br \/>\nGramatura: 300g <br \/>\nPapel de gramatura alta e equilibrada, ideal para Tecnicas aquarela, acrilicas, e tecnicas secas.<br \/>\nPapel livre de \u00e1cidos e n\u00e3o t\u00f3xico<br \/>\nCor Papel: Branco\/Texturizado<\/p>\n","protected":false},"excerpt":{"rendered":"<p>Bloco Livro Aquarela 300gr A4 12 Folhas Cis Graf O bloco cont\u00e9m 12 folhas de papel 300gr para Aquarela Tamanho&hellip;<\/p>\n","protected":false},"featured_media":321432,"comment_status":"open","ping_status":"closed","template":"","meta":[],"product_cat":[239,215],"product_tag":[],"_links":{"self":[{"href":"https:\/\/www.livrariarema.com.br\/loja\/wp-json\/wp\/v2\/product\/113578"}],"collection":[{"href":"https:\/\/www.livrariarema.com.br\/loja\/wp-json\/wp\/v2\/product"}],"about":[{"href":"https:\/\/www.livrariarema.com.br\/loja\/wp-json\/wp\/v2\/types\/product"}],"replies":[{"embeddable":true,"href":"https:\/\/www.livrariarema.com.br\/loja\/wp-json\/wp\/v2\/comments?post=113578"}],"wp:featuredmedia":[{"embeddable":true,"href":"https:\/\/www.livrariarema.com.br\/loja\/wp-json\/wp\/v2\/media\/321432"}],"wp:attachment":[{"href":"https:\/\/www.livrariarema.com.br\/loja\/wp-json\/wp\/v2\/media?parent=113578"}],"wp:term":[{"taxonomy":"product_cat","embeddable":true,"href":"https:\/\/www.livrariarema.com.br\/loja\/wp-json\/wp\/v2\/product_cat?post=113578"},{"taxonomy":"product_tag","embeddable":true,"href":"https:\/\/www.livrariarema.com.br\/loja\/wp-json\/wp\/v2\/product_tag?post=113578"}],"curies":[{"name":"wp","href":"https:\/\/api.w.org\/{rel}","templated":true}]}}