{"id":113972,"date":"2021-10-22T11:22:20","date_gmt":"2021-10-22T14:22:20","guid":{"rendered":"https:\/\/www.livrariarema.com.br\/loja\/produtos\/sem%20categoria\/caderno-universitario-80-folhas-neon-preto\/"},"modified":"2026-03-25T18:24:25","modified_gmt":"2026-03-25T21:24:25","slug":"caderno-universitario-80-folhas-neon-preto","status":"publish","type":"product","link":"https:\/\/www.livrariarema.com.br\/loja\/produtos\/papelaria\/caderno\/caderno-universitario-80-folhas-neon-preto\/","title":{"rendered":"Caderno Universit\u00e1rio 80 Folhas &#8211; Neon &#8211; Preto"},"content":{"rendered":"<p>As cores vibrantes de Neon foram atualizadas e acompanham as mais fortes tend\u00eancias, trazendo ar mais moderno para os materiais de trabalho e estudos.<br \/>\nO Caderno Universit\u00e1rio Neon Preto 1 Mat\u00e9ria 80 Folhas possui capa pl\u00e1stica com silkscreen, bolsa pl\u00e1stica para guardar trabalhos e anota\u00e7\u00f5es, folhas pautadas e espiral colorido. Ideal para o dia a dia na escola ou na faculdade e o fechamento em el\u00e1stico garante seguran\u00e7a e praticidade.<\/p>\n","protected":false},"excerpt":{"rendered":"<p>As cores vibrantes de Neon foram atualizadas e acompanham as mais fortes tend\u00eancias, trazendo ar mais moderno para os materiais&hellip;<\/p>\n","protected":false},"featured_media":332860,"comment_status":"open","ping_status":"closed","template":"","meta":[],"product_cat":[230,215],"product_tag":[],"_links":{"self":[{"href":"https:\/\/www.livrariarema.com.br\/loja\/wp-json\/wp\/v2\/product\/113972"}],"collection":[{"href":"https:\/\/www.livrariarema.com.br\/loja\/wp-json\/wp\/v2\/product"}],"about":[{"href":"https:\/\/www.livrariarema.com.br\/loja\/wp-json\/wp\/v2\/types\/product"}],"replies":[{"embeddable":true,"href":"https:\/\/www.livrariarema.com.br\/loja\/wp-json\/wp\/v2\/comments?post=113972"}],"wp:featuredmedia":[{"embeddable":true,"href":"https:\/\/www.livrariarema.com.br\/loja\/wp-json\/wp\/v2\/media\/332860"}],"wp:attachment":[{"href":"https:\/\/www.livrariarema.com.br\/loja\/wp-json\/wp\/v2\/media?parent=113972"}],"wp:term":[{"taxonomy":"product_cat","embeddable":true,"href":"https:\/\/www.livrariarema.com.br\/loja\/wp-json\/wp\/v2\/product_cat?post=113972"},{"taxonomy":"product_tag","embeddable":true,"href":"https:\/\/www.livrariarema.com.br\/loja\/wp-json\/wp\/v2\/product_tag?post=113972"}],"curies":[{"name":"wp","href":"https:\/\/api.w.org\/{rel}","templated":true}]}}