{"id":114582,"date":"2021-10-25T16:07:39","date_gmt":"2021-10-25T19:07:39","guid":{"rendered":"https:\/\/www.livrariarema.com.br\/loja\/produtos\/sem%20categoria\/60-dias-no-mundo-das-series-eduardo-medeiros\/"},"modified":"2026-03-20T11:45:23","modified_gmt":"2026-03-20T14:45:23","slug":"60-dias-no-mundo-das-series-eduardo-medeiros","status":"publish","type":"product","link":"https:\/\/www.livrariarema.com.br\/loja\/produtos\/livros\/devocional\/60-dias-no-mundo-das-series-eduardo-medeiros\/","title":{"rendered":"60 Dias No Mundo Das S\u00e9ries &#8211; Eduardo Medeiros"},"content":{"rendered":"<p>O livro 60 Dias No Mundo Das S\u00e9ries, escrito por Eduardo Medeiros, publicado pela Editora 100% Crist\u00e3o \u00e9 um devocional repleto de ensinamentos da palavra de Deus.<\/p>\n<p>Em cada dia uma s\u00e9rie diferente para dar contexto e exemplificar um ensinamento b\u00edblico. O autor relaciona aspectos sobre a teologia e as pr\u00e1ticas do dia a dia com algumas das principais s\u00e9ries j\u00e1 realizadas.<\/p>\n","protected":false},"excerpt":{"rendered":"<p>O livro 60 Dias No Mundo Das S\u00e9ries, escrito por Eduardo Medeiros, publicado pela Editora 100% Crist\u00e3o \u00e9 um devocional&hellip;<\/p>\n","protected":false},"featured_media":302893,"comment_status":"open","ping_status":"closed","template":"","meta":[],"product_cat":[158,134],"product_tag":[],"_links":{"self":[{"href":"https:\/\/www.livrariarema.com.br\/loja\/wp-json\/wp\/v2\/product\/114582"}],"collection":[{"href":"https:\/\/www.livrariarema.com.br\/loja\/wp-json\/wp\/v2\/product"}],"about":[{"href":"https:\/\/www.livrariarema.com.br\/loja\/wp-json\/wp\/v2\/types\/product"}],"replies":[{"embeddable":true,"href":"https:\/\/www.livrariarema.com.br\/loja\/wp-json\/wp\/v2\/comments?post=114582"}],"wp:featuredmedia":[{"embeddable":true,"href":"https:\/\/www.livrariarema.com.br\/loja\/wp-json\/wp\/v2\/media\/302893"}],"wp:attachment":[{"href":"https:\/\/www.livrariarema.com.br\/loja\/wp-json\/wp\/v2\/media?parent=114582"}],"wp:term":[{"taxonomy":"product_cat","embeddable":true,"href":"https:\/\/www.livrariarema.com.br\/loja\/wp-json\/wp\/v2\/product_cat?post=114582"},{"taxonomy":"product_tag","embeddable":true,"href":"https:\/\/www.livrariarema.com.br\/loja\/wp-json\/wp\/v2\/product_tag?post=114582"}],"curies":[{"name":"wp","href":"https:\/\/api.w.org\/{rel}","templated":true}]}}