{"id":114920,"date":"2021-10-27T14:57:54","date_gmt":"2021-10-27T17:57:54","guid":{"rendered":"https:\/\/www.livrariarema.com.br\/loja\/produtos\/sem%20categoria\/santidade-john-webster\/"},"modified":"2026-03-16T13:23:30","modified_gmt":"2026-03-16T16:23:30","slug":"santidade-john-webster","status":"publish","type":"product","link":"https:\/\/www.livrariarema.com.br\/loja\/produtos\/promocao\/livros-promocao\/santidade-john-webster\/","title":{"rendered":"Santidade &#8211; John Webster"},"content":{"rendered":"<p>Muitos tratamentos do tema da santidade enfocam somente as a\u00e7\u00f5es morais do crist\u00e3o. Neste livro, John Webster repensa o conceito integrando estudos b\u00edblicos, teologia e aplica\u00e7\u00e3o pr\u00e1tica. Trazendo inicialmente um enfoque na santidade da teologia crist\u00e3, a qual considera &#8220;um exerc\u00edcio da raz\u00e3o sagrada&#8221;, o autor fornece uma compreens\u00e3o trinit\u00e1ria da santidade de Deus, a qual \u00e9 conhecida n\u00e3o em sua simples transcend\u00eancia, mas tamb\u00e9m em seu relacionamento gracioso e livre com seu povo. Esse relacionamento ecoa na santidade da comunidade crist\u00e3, especialmente no culto, no testemunho e na vida de cada disc\u00edpulo. Escrito por um te\u00f3logo de renome mundial, este livro aprofundar\u00e1 nossa compreens\u00e3o da santidade explicitamente crist\u00e3.<\/p>\n","protected":false},"excerpt":{"rendered":"<p>Muitos tratamentos do tema da santidade enfocam somente as a\u00e7\u00f5es morais do crist\u00e3o. Neste livro, John Webster repensa o conceito&hellip;<\/p>\n","protected":false},"featured_media":346271,"comment_status":"open","ping_status":"closed","template":"","meta":[],"product_cat":[143,142],"product_tag":[],"_links":{"self":[{"href":"https:\/\/www.livrariarema.com.br\/loja\/wp-json\/wp\/v2\/product\/114920"}],"collection":[{"href":"https:\/\/www.livrariarema.com.br\/loja\/wp-json\/wp\/v2\/product"}],"about":[{"href":"https:\/\/www.livrariarema.com.br\/loja\/wp-json\/wp\/v2\/types\/product"}],"replies":[{"embeddable":true,"href":"https:\/\/www.livrariarema.com.br\/loja\/wp-json\/wp\/v2\/comments?post=114920"}],"wp:featuredmedia":[{"embeddable":true,"href":"https:\/\/www.livrariarema.com.br\/loja\/wp-json\/wp\/v2\/media\/346271"}],"wp:attachment":[{"href":"https:\/\/www.livrariarema.com.br\/loja\/wp-json\/wp\/v2\/media?parent=114920"}],"wp:term":[{"taxonomy":"product_cat","embeddable":true,"href":"https:\/\/www.livrariarema.com.br\/loja\/wp-json\/wp\/v2\/product_cat?post=114920"},{"taxonomy":"product_tag","embeddable":true,"href":"https:\/\/www.livrariarema.com.br\/loja\/wp-json\/wp\/v2\/product_tag?post=114920"}],"curies":[{"name":"wp","href":"https:\/\/api.w.org\/{rel}","templated":true}]}}