{"id":115028,"date":"2021-10-27T16:33:22","date_gmt":"2021-10-27T19:33:22","guid":{"rendered":"https:\/\/www.livrariarema.com.br\/loja\/produtos\/sem%20categoria\/biblia-em-acao-infantil\/"},"modified":"2025-12-24T12:40:58","modified_gmt":"2025-12-24T15:40:58","slug":"biblia-em-acao-infantil","status":"publish","type":"product","link":"https:\/\/www.livrariarema.com.br\/loja\/produtos\/livros\/infantil-biblia\/biblia-em-acao-infantil\/","title":{"rendered":"B\u00edblia Em A\u00e7\u00e3o Infantil"},"content":{"rendered":"<p>Desde que foi lan\u00e7ada no Brasil com exclusividade pela GEOGR\u00c1FICA EDITORA, a s\u00e9rie B\u00edblia em a\u00e7\u00e3o \u00e9 um sucesso absoluto. Trazendo as Sagradas Escrituras na forma de hist\u00f3rias em quadrinhos (HQ), ela empolga os leitores com ilustra\u00e7\u00f5es espetaculares e texto adequado a cada faixa de p\u00fablico. <br \/>\nAgora, \u00e9 a vez da garotada! B\u00edblia em a\u00e7\u00e3o infantil &#8211; Uma aventura interativa da hist\u00f3ria redentora de Deus \u00e9 uma deliciosa jornada pelo livro dos livros com muitas cores e aventuras. <br \/>\nIlustrada por S\u00e9rgio Cariello &#8211; artista brasileiro que \u00e9 refer\u00eancia no estilo e j\u00e1 atuou em est\u00fadios famosos do g\u00eanero HQ, como Marvel e DC Comics &#8211; e com textos criados por Catherine Devries, a B\u00edblia em a\u00e7\u00e3o infantil destina-se, principalmente, a crian\u00e7as de at\u00e9 oito anos. <br \/>\nMas, n\u00e3o apenas elas ser\u00e3o alcan\u00e7adas por essa maneira leve, divertida e apaixonante de conhecer a Palavra de Deus &#8211; ela \u00e9, de fato, uma aventura interativa e din\u00e2mica para toda a fam\u00edlia, pois estimula o compartilhamento das maravilhosas hist\u00f3rias e personagens b\u00edblicos, com destaque para a obra salvadora de Jesus Cristo.<\/p>\n","protected":false},"excerpt":{"rendered":"<p>Desde que foi lan\u00e7ada no Brasil com exclusividade pela GEOGR\u00c1FICA EDITORA, a s\u00e9rie B\u00edblia em a\u00e7\u00e3o \u00e9 um sucesso absoluto.&hellip;<\/p>\n","protected":false},"featured_media":325979,"comment_status":"open","ping_status":"closed","template":"","meta":[],"product_cat":[165,134],"product_tag":[],"_links":{"self":[{"href":"https:\/\/www.livrariarema.com.br\/loja\/wp-json\/wp\/v2\/product\/115028"}],"collection":[{"href":"https:\/\/www.livrariarema.com.br\/loja\/wp-json\/wp\/v2\/product"}],"about":[{"href":"https:\/\/www.livrariarema.com.br\/loja\/wp-json\/wp\/v2\/types\/product"}],"replies":[{"embeddable":true,"href":"https:\/\/www.livrariarema.com.br\/loja\/wp-json\/wp\/v2\/comments?post=115028"}],"wp:featuredmedia":[{"embeddable":true,"href":"https:\/\/www.livrariarema.com.br\/loja\/wp-json\/wp\/v2\/media\/325979"}],"wp:attachment":[{"href":"https:\/\/www.livrariarema.com.br\/loja\/wp-json\/wp\/v2\/media?parent=115028"}],"wp:term":[{"taxonomy":"product_cat","embeddable":true,"href":"https:\/\/www.livrariarema.com.br\/loja\/wp-json\/wp\/v2\/product_cat?post=115028"},{"taxonomy":"product_tag","embeddable":true,"href":"https:\/\/www.livrariarema.com.br\/loja\/wp-json\/wp\/v2\/product_tag?post=115028"}],"curies":[{"name":"wp","href":"https:\/\/api.w.org\/{rel}","templated":true}]}}