{"id":116513,"date":"2021-11-05T17:12:54","date_gmt":"2021-11-05T20:12:54","guid":{"rendered":"https:\/\/www.livrariarema.com.br\/loja\/produtos\/sem%20categoria\/noe-diego-fraguas\/"},"modified":"2026-03-18T16:21:07","modified_gmt":"2026-03-18T19:21:07","slug":"noe-diego-fraguas","status":"publish","type":"product","link":"https:\/\/www.livrariarema.com.br\/loja\/produtos\/livros\/infantil\/noe-diego-fraguas\/","title":{"rendered":"No\u00e9 &#8211; Diego Fraguas"},"content":{"rendered":"<p>Quem foi No\u00e9? Por que ele recebeu uma miss\u00e3o de Deus? Como construiu um barco t\u00e3o grande para abrigar os animais? Esse livro conta a hist\u00f3ria b\u00edblica do homem que ouviu a voz do Criador e navegou nas \u00e1guas do Dil\u00favio. Com texto acess\u00edvel e ilustra\u00e7\u00f5es no estilo cartoon, a obra convida o leitor a refletir sobre a impor t\u00e2ncia de se manter bom, justo e obediente diante do Senhor. Uma jornada impressionante, que revela aos pequeninos os lugares aonde a f\u00e9 pode nos levar!<\/p>\n<p>Al\u00e9m de ler a hist\u00f3ria, a crian\u00e7a poder\u00e1 acompanhar o conte\u00fado por v\u00eddeo e cantar e dan\u00e7ar ao som do clipe Rock da arca. Basta escanear o QR Code no interior do livro e acessar o projeto Hist\u00f3rias Inesquec\u00edveis, no Youtube da Gra\u00e7a Kids.<\/p>\n<p>No\u00e9, uma hist\u00f3ria de amor, fidelidade e f\u00e9!<\/p>\n","protected":false},"excerpt":{"rendered":"<p>Quem foi No\u00e9? Por que ele recebeu uma miss\u00e3o de Deus? Como construiu um barco t\u00e3o grande para abrigar os&hellip;<\/p>\n","protected":false},"featured_media":321065,"comment_status":"open","ping_status":"closed","template":"","meta":[],"product_cat":[144,134],"product_tag":[],"_links":{"self":[{"href":"https:\/\/www.livrariarema.com.br\/loja\/wp-json\/wp\/v2\/product\/116513"}],"collection":[{"href":"https:\/\/www.livrariarema.com.br\/loja\/wp-json\/wp\/v2\/product"}],"about":[{"href":"https:\/\/www.livrariarema.com.br\/loja\/wp-json\/wp\/v2\/types\/product"}],"replies":[{"embeddable":true,"href":"https:\/\/www.livrariarema.com.br\/loja\/wp-json\/wp\/v2\/comments?post=116513"}],"wp:featuredmedia":[{"embeddable":true,"href":"https:\/\/www.livrariarema.com.br\/loja\/wp-json\/wp\/v2\/media\/321065"}],"wp:attachment":[{"href":"https:\/\/www.livrariarema.com.br\/loja\/wp-json\/wp\/v2\/media?parent=116513"}],"wp:term":[{"taxonomy":"product_cat","embeddable":true,"href":"https:\/\/www.livrariarema.com.br\/loja\/wp-json\/wp\/v2\/product_cat?post=116513"},{"taxonomy":"product_tag","embeddable":true,"href":"https:\/\/www.livrariarema.com.br\/loja\/wp-json\/wp\/v2\/product_tag?post=116513"}],"curies":[{"name":"wp","href":"https:\/\/api.w.org\/{rel}","templated":true}]}}