{"id":117126,"date":"2021-11-10T11:17:41","date_gmt":"2021-11-10T14:17:41","guid":{"rendered":"https:\/\/www.livrariarema.com.br\/loja\/produtos\/sem%20categoria\/pasta-aba-elastico-oficio-lombada-2cm-dac-economica-all-black\/"},"modified":"2026-04-29T13:40:19","modified_gmt":"2026-04-29T16:40:19","slug":"pasta-aba-elastico-oficio-lombada-2cm-dac-economica-all-black","status":"publish","type":"product","link":"https:\/\/www.livrariarema.com.br\/loja\/produtos\/papelaria\/pasta\/pasta-aba-elastico-oficio-lombada-2cm-dac-economica-all-black\/","title":{"rendered":"Pasta Aba El\u00e1stico Oficio Lombada 2Cm &#8211; Dac &#8211; Econ\u00f4mica &#8211; All Black"},"content":{"rendered":"<p>A pasta aba el\u00e1stica \u00e9 resistente, leve e de grande durabilidade. Ideal para uso escolar, profissional e outras aplica\u00e7\u00f5es. Organize seus documentos de maneira pr\u00e1tica garantindo um bom estado de conserva\u00e7\u00e3o, garantindo seus documentos e pap\u00e9is em \u00f3timo estado!<\/p>\n","protected":false},"excerpt":{"rendered":"<p>A pasta aba el\u00e1stica \u00e9 resistente, leve e de grande durabilidade. Ideal para uso escolar, profissional e outras aplica\u00e7\u00f5es. Organize&hellip;<\/p>\n","protected":false},"featured_media":326771,"comment_status":"open","ping_status":"closed","template":"","meta":[],"product_cat":[215,260],"product_tag":[],"_links":{"self":[{"href":"https:\/\/www.livrariarema.com.br\/loja\/wp-json\/wp\/v2\/product\/117126"}],"collection":[{"href":"https:\/\/www.livrariarema.com.br\/loja\/wp-json\/wp\/v2\/product"}],"about":[{"href":"https:\/\/www.livrariarema.com.br\/loja\/wp-json\/wp\/v2\/types\/product"}],"replies":[{"embeddable":true,"href":"https:\/\/www.livrariarema.com.br\/loja\/wp-json\/wp\/v2\/comments?post=117126"}],"wp:featuredmedia":[{"embeddable":true,"href":"https:\/\/www.livrariarema.com.br\/loja\/wp-json\/wp\/v2\/media\/326771"}],"wp:attachment":[{"href":"https:\/\/www.livrariarema.com.br\/loja\/wp-json\/wp\/v2\/media?parent=117126"}],"wp:term":[{"taxonomy":"product_cat","embeddable":true,"href":"https:\/\/www.livrariarema.com.br\/loja\/wp-json\/wp\/v2\/product_cat?post=117126"},{"taxonomy":"product_tag","embeddable":true,"href":"https:\/\/www.livrariarema.com.br\/loja\/wp-json\/wp\/v2\/product_tag?post=117126"}],"curies":[{"name":"wp","href":"https:\/\/api.w.org\/{rel}","templated":true}]}}