{"id":117204,"date":"2021-11-10T11:20:43","date_gmt":"2021-11-10T14:20:43","guid":{"rendered":"https:\/\/www.livrariarema.com.br\/loja\/produtos\/sem%20categoria\/protetor-de-documento-rg-e-titulo-de-eleitor-mais-flexivel\/"},"modified":"2025-02-14T13:20:12","modified_gmt":"2025-02-14T16:20:12","slug":"protetor-de-documento-rg-e-titulo-de-eleitor-mais-flexivel","status":"publish","type":"product","link":"https:\/\/www.livrariarema.com.br\/loja\/produtos\/diversos\/protetor-de-documento\/protetor-de-documento-rg-e-titulo-de-eleitor-mais-flexivel\/","title":{"rendered":"Protetor De Documento &#8211; Rg E T\u00edtulo De Eleitor &#8211; Mais Flex\u00edvel"},"content":{"rendered":"<p>O protetor r\u00edgido \u00e9 ideal para proteger os documentos pessoais que n\u00e3o podem ser plastificados. O material deixa o documento muito mais bonito e apresent\u00e1vel!<\/p>\n","protected":false},"excerpt":{"rendered":"<p>O protetor r\u00edgido \u00e9 ideal para proteger os documentos pessoais que n\u00e3o podem ser plastificados. O material deixa o documento&hellip;<\/p>\n","protected":false},"featured_media":282549,"comment_status":"open","ping_status":"closed","template":"","meta":[],"product_cat":[132,252],"product_tag":[],"_links":{"self":[{"href":"https:\/\/www.livrariarema.com.br\/loja\/wp-json\/wp\/v2\/product\/117204"}],"collection":[{"href":"https:\/\/www.livrariarema.com.br\/loja\/wp-json\/wp\/v2\/product"}],"about":[{"href":"https:\/\/www.livrariarema.com.br\/loja\/wp-json\/wp\/v2\/types\/product"}],"replies":[{"embeddable":true,"href":"https:\/\/www.livrariarema.com.br\/loja\/wp-json\/wp\/v2\/comments?post=117204"}],"wp:featuredmedia":[{"embeddable":true,"href":"https:\/\/www.livrariarema.com.br\/loja\/wp-json\/wp\/v2\/media\/282549"}],"wp:attachment":[{"href":"https:\/\/www.livrariarema.com.br\/loja\/wp-json\/wp\/v2\/media?parent=117204"}],"wp:term":[{"taxonomy":"product_cat","embeddable":true,"href":"https:\/\/www.livrariarema.com.br\/loja\/wp-json\/wp\/v2\/product_cat?post=117204"},{"taxonomy":"product_tag","embeddable":true,"href":"https:\/\/www.livrariarema.com.br\/loja\/wp-json\/wp\/v2\/product_tag?post=117204"}],"curies":[{"name":"wp","href":"https:\/\/api.w.org\/{rel}","templated":true}]}}