{"id":117206,"date":"2021-11-10T11:20:47","date_gmt":"2021-11-10T14:20:47","guid":{"rendered":"https:\/\/www.livrariarema.com.br\/loja\/produtos\/sem%20categoria\/protetor-de-documento-rg-novo-mais-flexivel\/"},"modified":"2026-04-23T10:00:20","modified_gmt":"2026-04-23T13:00:20","slug":"protetor-de-documento-rg-novo-mais-flexivel","status":"publish","type":"product","link":"https:\/\/www.livrariarema.com.br\/loja\/produtos\/diversos\/protetor-de-documento\/protetor-de-documento-rg-novo-mais-flexivel\/","title":{"rendered":"Protetor De Documento &#8211; Rg Novo &#8211; Mais Flex\u00edvel"},"content":{"rendered":"<p>O protetor r\u00edgido \u00e9 ideal para proteger os documentos pessoais que n\u00e3o podem ser plastificados. O material deixa o documento muito mais bonito e apresent\u00e1vel!<\/p>\n","protected":false},"excerpt":{"rendered":"<p>O protetor r\u00edgido \u00e9 ideal para proteger os documentos pessoais que n\u00e3o podem ser plastificados. O material deixa o documento&hellip;<\/p>\n","protected":false},"featured_media":315050,"comment_status":"open","ping_status":"closed","template":"","meta":[],"product_cat":[132,252],"product_tag":[],"_links":{"self":[{"href":"https:\/\/www.livrariarema.com.br\/loja\/wp-json\/wp\/v2\/product\/117206"}],"collection":[{"href":"https:\/\/www.livrariarema.com.br\/loja\/wp-json\/wp\/v2\/product"}],"about":[{"href":"https:\/\/www.livrariarema.com.br\/loja\/wp-json\/wp\/v2\/types\/product"}],"replies":[{"embeddable":true,"href":"https:\/\/www.livrariarema.com.br\/loja\/wp-json\/wp\/v2\/comments?post=117206"}],"wp:featuredmedia":[{"embeddable":true,"href":"https:\/\/www.livrariarema.com.br\/loja\/wp-json\/wp\/v2\/media\/315050"}],"wp:attachment":[{"href":"https:\/\/www.livrariarema.com.br\/loja\/wp-json\/wp\/v2\/media?parent=117206"}],"wp:term":[{"taxonomy":"product_cat","embeddable":true,"href":"https:\/\/www.livrariarema.com.br\/loja\/wp-json\/wp\/v2\/product_cat?post=117206"},{"taxonomy":"product_tag","embeddable":true,"href":"https:\/\/www.livrariarema.com.br\/loja\/wp-json\/wp\/v2\/product_tag?post=117206"}],"curies":[{"name":"wp","href":"https:\/\/api.w.org\/{rel}","templated":true}]}}