{"id":117265,"date":"2021-11-10T11:23:44","date_gmt":"2021-11-10T14:23:44","guid":{"rendered":"https:\/\/www.livrariarema.com.br\/loja\/produtos\/sem%20categoria\/pasta-catalogo-a3-30-plasticos-preta\/"},"modified":"2026-03-31T13:52:30","modified_gmt":"2026-03-31T16:52:30","slug":"pasta-catalogo-a3-30-plasticos-preta","status":"publish","type":"product","link":"https:\/\/www.livrariarema.com.br\/loja\/produtos\/papelaria\/pasta\/pasta-catalogo-a3-30-plasticos-preta\/","title":{"rendered":"Pasta Cat\u00e1logo &#8211; A3 &#8211; 30 Pl\u00e1sticos &#8211; Preta"},"content":{"rendered":"<p>L\u00edder no segmento de pasta cat\u00e1logo, a DAC det\u00e9m um portf\u00f3lio com diversas pastas de variados formatos, cores e estampas. Acompanha envelopes pl\u00e1sticos transparentes \u00fateis para guardar fotos, documentos, papeladas, e diversos outros materiais que n\u00e3o podem ser amassados ou rasgados. As pastas cat\u00e1logo s\u00e3o ideiais para preservar o material colecion\u00e1vel, organizar as p\u00e1ginas da apostila, guardar documentos necess\u00e1rios e eternizar boas mem\u00f3rias &lt;3 Tudo em um s\u00f3 lugar.<\/p>\n","protected":false},"excerpt":{"rendered":"<p>L\u00edder no segmento de pasta cat\u00e1logo, a DAC det\u00e9m um portf\u00f3lio com diversas pastas de variados formatos, cores e estampas.&hellip;<\/p>\n","protected":false},"featured_media":326750,"comment_status":"open","ping_status":"closed","template":"","meta":[],"product_cat":[215,260],"product_tag":[],"_links":{"self":[{"href":"https:\/\/www.livrariarema.com.br\/loja\/wp-json\/wp\/v2\/product\/117265"}],"collection":[{"href":"https:\/\/www.livrariarema.com.br\/loja\/wp-json\/wp\/v2\/product"}],"about":[{"href":"https:\/\/www.livrariarema.com.br\/loja\/wp-json\/wp\/v2\/types\/product"}],"replies":[{"embeddable":true,"href":"https:\/\/www.livrariarema.com.br\/loja\/wp-json\/wp\/v2\/comments?post=117265"}],"wp:featuredmedia":[{"embeddable":true,"href":"https:\/\/www.livrariarema.com.br\/loja\/wp-json\/wp\/v2\/media\/326750"}],"wp:attachment":[{"href":"https:\/\/www.livrariarema.com.br\/loja\/wp-json\/wp\/v2\/media?parent=117265"}],"wp:term":[{"taxonomy":"product_cat","embeddable":true,"href":"https:\/\/www.livrariarema.com.br\/loja\/wp-json\/wp\/v2\/product_cat?post=117265"},{"taxonomy":"product_tag","embeddable":true,"href":"https:\/\/www.livrariarema.com.br\/loja\/wp-json\/wp\/v2\/product_tag?post=117265"}],"curies":[{"name":"wp","href":"https:\/\/api.w.org\/{rel}","templated":true}]}}