{"id":118038,"date":"2021-11-16T11:23:04","date_gmt":"2021-11-16T14:23:04","guid":{"rendered":"https:\/\/www.livrariarema.com.br\/loja\/produtos\/sem%20categoria\/conjunto-2-canecas-de-porcelana-urban-360ml-bodas-de-prata\/"},"modified":"2026-04-28T09:11:16","modified_gmt":"2026-04-28T12:11:16","slug":"conjunto-2-canecas-de-porcelana-urban-360ml-bodas-de-prata","status":"publish","type":"product","link":"https:\/\/www.livrariarema.com.br\/loja\/produtos\/diversos\/caneca\/conjunto-2-canecas-de-porcelana-urban-360ml-bodas-de-prata\/","title":{"rendered":"Conjunto 2 Canecas De Porcelana &#8211; Urban 300Ml &#8211; Bodas De Prata"},"content":{"rendered":"<p>O Conjunto de Canecas Urban Bodas de Prata \u00e9 perfeita para presentear aquele super casal que est\u00e1 unido com muito amor h\u00e1 25 anos. Eles v\u00e3o poder apreciar aquele caf\u00e9 quentinho nos momentos mais aconchegantes da vida de um jeito super especial.<\/p>\n<p>As Canecas Urban s\u00e3o fabricadas em porcelana de alta qualidade que garante maior durabilidade durante seu uso.  Elas s\u00e3o um item essencial em qualquer caf\u00e9-da-manh\u00e3 ou lanchinho no meio da tarde. Al\u00e9m disso d\u00e1 pra us\u00e1-la como porta treco, porta l\u00e1pis e at\u00e9 mesmo como um vasinho de plantas.<\/p>\n<p>Caracter\u00edsticas:<br \/>\nAltura: 9 cm<br \/>\nDi\u00e2metro: 8.5 cm<br \/>\nCapacidade: 300 ml<br \/>\nCont\u00e9m 2 canecas<\/p>\n<p>Cuidados:<br \/>\nLavar com \u00e1gua e sab\u00e3o neutro<br \/>\nN\u00e3o utilizar produtos qu\u00edmicos e abrasivos<\/p>\n","protected":false},"excerpt":{"rendered":"<p>O Conjunto de Canecas Urban Bodas de Prata \u00e9 perfeita para presentear aquele super casal que est\u00e1 unido com muito&hellip;<\/p>\n","protected":false},"featured_media":347257,"comment_status":"open","ping_status":"closed","template":"","meta":[],"product_cat":[235,132],"product_tag":[],"_links":{"self":[{"href":"https:\/\/www.livrariarema.com.br\/loja\/wp-json\/wp\/v2\/product\/118038"}],"collection":[{"href":"https:\/\/www.livrariarema.com.br\/loja\/wp-json\/wp\/v2\/product"}],"about":[{"href":"https:\/\/www.livrariarema.com.br\/loja\/wp-json\/wp\/v2\/types\/product"}],"replies":[{"embeddable":true,"href":"https:\/\/www.livrariarema.com.br\/loja\/wp-json\/wp\/v2\/comments?post=118038"}],"wp:featuredmedia":[{"embeddable":true,"href":"https:\/\/www.livrariarema.com.br\/loja\/wp-json\/wp\/v2\/media\/347257"}],"wp:attachment":[{"href":"https:\/\/www.livrariarema.com.br\/loja\/wp-json\/wp\/v2\/media?parent=118038"}],"wp:term":[{"taxonomy":"product_cat","embeddable":true,"href":"https:\/\/www.livrariarema.com.br\/loja\/wp-json\/wp\/v2\/product_cat?post=118038"},{"taxonomy":"product_tag","embeddable":true,"href":"https:\/\/www.livrariarema.com.br\/loja\/wp-json\/wp\/v2\/product_tag?post=118038"}],"curies":[{"name":"wp","href":"https:\/\/api.w.org\/{rel}","templated":true}]}}