{"id":118062,"date":"2021-11-16T11:24:07","date_gmt":"2021-11-16T14:24:07","guid":{"rendered":"https:\/\/www.livrariarema.com.br\/loja\/produtos\/sem%20categoria\/caneca-de-porcelana-urban-360ml-amiga-irma\/"},"modified":"2026-04-28T09:15:16","modified_gmt":"2026-04-28T12:15:16","slug":"caneca-de-porcelana-urban-360ml-amiga-irma","status":"publish","type":"product","link":"https:\/\/www.livrariarema.com.br\/loja\/produtos\/diversos\/caneca\/caneca-de-porcelana-urban-360ml-amiga-irma\/","title":{"rendered":"Caneca De Porcelana &#8211; Urban 300Ml &#8211; Amiga Irm\u00e3"},"content":{"rendered":"<p>Amiga \u00e9 aquela que est\u00e1 sempre presente quando voc\u00ea mais precisa, \u00e9 como uma im\u00e3. \u00c9 quem sempre estende a m\u00e3o, quem sempre tem um abra\u00e7o de conforto. Que tal presentear essa super pessoa com um mimo todo especial?<\/p>\n<p>A Caneca Urban  Amiga Im\u00e3 \u00e9 fabricada em porcelana de alta qualidade que garante maior durabilidade durante seu uso. Ela \u00e9 perfeita para voc\u00ea apreciar aquele caf\u00e9 quentinho ou chocolate quente super cremoso de um jeito todo especial.<\/p>\n<p>A Linha de Canecas Urban \u00e9 um item essencial em qualquer caf\u00e9 da manh\u00e3, al\u00e9m disso d\u00e1 para us\u00e1-la como porta treco, porta l\u00e1pis ou presentear algu\u00e9m especial.<\/p>\n<p>Caracter\u00edsticas:<br \/>\nAltura: 9 cm<br \/>\nDi\u00e2metro: 8.5 cm<br \/>\nCapacidade: 300 ml<br \/>\nCont\u00e9m 1 caneca<\/p>\n<p>Cuidados:<br \/>\nLavar com \u00e1gua e sab\u00e3o neutro<br \/>\nN\u00e3o utilizar produtos qu\u00edmicos e abrasivos<br \/>\nImpactos podem danificar o produto<\/p>\n","protected":false},"excerpt":{"rendered":"<p>Amiga \u00e9 aquela que est\u00e1 sempre presente quando voc\u00ea mais precisa, \u00e9 como uma im\u00e3. \u00c9 quem sempre estende a&hellip;<\/p>\n","protected":false},"featured_media":347278,"comment_status":"open","ping_status":"closed","template":"","meta":[],"product_cat":[235,132],"product_tag":[],"_links":{"self":[{"href":"https:\/\/www.livrariarema.com.br\/loja\/wp-json\/wp\/v2\/product\/118062"}],"collection":[{"href":"https:\/\/www.livrariarema.com.br\/loja\/wp-json\/wp\/v2\/product"}],"about":[{"href":"https:\/\/www.livrariarema.com.br\/loja\/wp-json\/wp\/v2\/types\/product"}],"replies":[{"embeddable":true,"href":"https:\/\/www.livrariarema.com.br\/loja\/wp-json\/wp\/v2\/comments?post=118062"}],"wp:featuredmedia":[{"embeddable":true,"href":"https:\/\/www.livrariarema.com.br\/loja\/wp-json\/wp\/v2\/media\/347278"}],"wp:attachment":[{"href":"https:\/\/www.livrariarema.com.br\/loja\/wp-json\/wp\/v2\/media?parent=118062"}],"wp:term":[{"taxonomy":"product_cat","embeddable":true,"href":"https:\/\/www.livrariarema.com.br\/loja\/wp-json\/wp\/v2\/product_cat?post=118062"},{"taxonomy":"product_tag","embeddable":true,"href":"https:\/\/www.livrariarema.com.br\/loja\/wp-json\/wp\/v2\/product_tag?post=118062"}],"curies":[{"name":"wp","href":"https:\/\/api.w.org\/{rel}","templated":true}]}}